{"id":1226,"date":"2023-04-20T14:30:53","date_gmt":"2023-04-20T12:30:53","guid":{"rendered":"https:\/\/denkmal.arctron.de\/ea\/?page_id=1226"},"modified":"2023-05-10T13:54:14","modified_gmt":"2023-05-10T11:54:14","slug":"cliff-kit-malta","status":"publish","type":"page","link":"https:\/\/denkmal.arctron.de\/ea\/cliff-kit-malta\/","title":{"rendered":"Cliff Kit MALTA"},"content":{"rendered":"\t\t<div data-elementor-type=\"wp-page\" data-elementor-id=\"1226\" class=\"elementor elementor-1226\" data-elementor-post-type=\"page\">\n\t\t\t\t\t\t<section class=\"elementor-section elementor-top-section elementor-element elementor-element-7d8207e elementor-section-stretched elementor-section-full_width elementor-section-height-default elementor-section-height-default\" data-id=\"7d8207e\" data-element_type=\"section\" data-e-type=\"section\" id=\"home\" data-settings=\"{&quot;stretch_section&quot;:&quot;section-stretched&quot;,&quot;background_background&quot;:&quot;classic&quot;}\">\n\t\t\t\t\t\t\t<div class=\"elementor-background-overlay\"><\/div>\n\t\t\t\t\t\t\t<div class=\"elementor-container elementor-column-gap-default\">\n\t\t\t\t\t<div class=\"elementor-column elementor-col-100 elementor-top-column elementor-element elementor-element-dd2493f\" data-id=\"dd2493f\" data-element_type=\"column\" data-e-type=\"column\">\n\t\t\t<div class=\"elementor-widget-wrap elementor-element-populated\">\n\t\t\t\t\t\t<div class=\"elementor-element elementor-element-30d3072 elementor-widget elementor-widget-spacer\" data-id=\"30d3072\" data-element_type=\"widget\" data-e-type=\"widget\" data-widget_type=\"spacer.default\">\n\t\t\t\t<div class=\"elementor-widget-container\">\n\t\t\t\t\t\t\t<div class=\"elementor-spacer\">\n\t\t\t<div class=\"elementor-spacer-inner\"><\/div>\n\t\t<\/div>\n\t\t\t\t\t\t<\/div>\n\t\t\t\t<\/div>\n\t\t\t\t<div class=\"elementor-element elementor-element-74a8923 elementor-widget elementor-widget-heading\" data-id=\"74a8923\" data-element_type=\"widget\" data-e-type=\"widget\" data-widget_type=\"heading.default\">\n\t\t\t\t<div class=\"elementor-widget-container\">\n\t\t\t\t\t<h1 class=\"elementor-heading-title elementor-size-xxl\">Pilot Project<\/h1>\t\t\t\t<\/div>\n\t\t\t\t<\/div>\n\t\t\t\t<div class=\"elementor-element elementor-element-758f6a5 elementor-widget elementor-widget-heading\" data-id=\"758f6a5\" data-element_type=\"widget\" data-e-type=\"widget\" data-widget_type=\"heading.default\">\n\t\t\t\t<div class=\"elementor-widget-container\">\n\t\t\t\t\t<div class=\"elementor-heading-title elementor-size-xxl\">Cliff Kit MALTA<\/div>\t\t\t\t<\/div>\n\t\t\t\t<\/div>\n\t\t\t\t<div class=\"elementor-element elementor-element-d7c77e4 elementor-align-left elementor-widget elementor-widget-button\" data-id=\"d7c77e4\" data-element_type=\"widget\" data-e-type=\"widget\" data-widget_type=\"button.default\">\n\t\t\t\t<div class=\"elementor-widget-container\">\n\t\t\t\t\t\t\t\t\t<div class=\"elementor-button-wrapper\">\n\t\t\t\t\t<a class=\"elementor-button elementor-button-link elementor-size-lg\" href=\"https:\/\/denkmal.arctron.de\/ea\/\">\n\t\t\t\t\t\t<span class=\"elementor-button-content-wrapper\">\n\t\t\t\t\t\t\t\t\t<span class=\"elementor-button-text\">other projects<\/span>\n\t\t\t\t\t<\/span>\n\t\t\t\t\t<\/a>\n\t\t\t\t<\/div>\n\t\t\t\t\t\t\t\t<\/div>\n\t\t\t\t<\/div>\n\t\t\t\t\t<\/div>\n\t\t<\/div>\n\t\t\t\t\t<\/div>\n\t\t<\/section>\n\t\t\t\t<section class=\"elementor-section elementor-top-section elementor-element elementor-element-2e6db04 elementor-section-boxed elementor-section-height-default elementor-section-height-default\" data-id=\"2e6db04\" data-element_type=\"section\" data-e-type=\"section\">\n\t\t\t\t\t\t<div class=\"elementor-container elementor-column-gap-default\">\n\t\t\t\t\t<div class=\"elementor-column elementor-col-100 elementor-top-column elementor-element elementor-element-afeb909\" data-id=\"afeb909\" data-element_type=\"column\" data-e-type=\"column\">\n\t\t\t<div class=\"elementor-widget-wrap elementor-element-populated\">\n\t\t\t\t\t\t<div class=\"elementor-element elementor-element-76e34bd elementor-widget elementor-widget-image\" data-id=\"76e34bd\" data-element_type=\"widget\" data-e-type=\"widget\" data-widget_type=\"image.default\">\n\t\t\t\t<div class=\"elementor-widget-container\">\n\t\t\t\t\t\t\t\t\t\t\t\t\t\t\t\t<a href=\"#down\">\n\t\t\t\t\t\t\t<img decoding=\"async\" src=\"https:\/\/denkmal.arctron.de\/wp-content\/uploads\/2020\/08\/raven-downBTN.png\" title=\"\" alt=\"\" loading=\"lazy\" \/>\t\t\t\t\t\t\t\t<\/a>\n\t\t\t\t\t\t\t\t\t\t\t\t\t\t\t<\/div>\n\t\t\t\t<\/div>\n\t\t\t\t<div class=\"elementor-element elementor-element-9634010 elementor-widget elementor-widget-menu-anchor\" data-id=\"9634010\" data-element_type=\"widget\" data-e-type=\"widget\" data-widget_type=\"menu-anchor.default\">\n\t\t\t\t<div class=\"elementor-widget-container\">\n\t\t\t\t\t\t\t<div class=\"elementor-menu-anchor\" id=\"down\"><\/div>\n\t\t\t\t\t\t<\/div>\n\t\t\t\t<\/div>\n\t\t\t\t\t<\/div>\n\t\t<\/div>\n\t\t\t\t\t<\/div>\n\t\t<\/section>\n\t\t\t\t<section class=\"elementor-section elementor-top-section elementor-element elementor-element-0debfed elementor-section-boxed elementor-section-height-default elementor-section-height-default\" data-id=\"0debfed\" data-element_type=\"section\" data-e-type=\"section\">\n\t\t\t\t\t\t<div class=\"elementor-container elementor-column-gap-default\">\n\t\t\t\t\t<div class=\"elementor-column elementor-col-100 elementor-top-column elementor-element elementor-element-c42375c\" data-id=\"c42375c\" data-element_type=\"column\" data-e-type=\"column\">\n\t\t\t<div class=\"elementor-widget-wrap elementor-element-populated\">\n\t\t\t\t\t\t<div class=\"elementor-element elementor-element-d3b8c0c elementor-widget elementor-widget-heading\" data-id=\"d3b8c0c\" data-element_type=\"widget\" data-e-type=\"widget\" data-widget_type=\"heading.default\">\n\t\t\t\t<div class=\"elementor-widget-container\">\n\t\t\t\t\t<h2 class=\"elementor-heading-title elementor-size-default\">Panorama <\/h2>\t\t\t\t<\/div>\n\t\t\t\t<\/div>\n\t\t\t\t<div class=\"elementor-element elementor-element-b59afa1 elementor-hidden-mobile elementor-widget elementor-widget-shortcode\" data-id=\"b59afa1\" data-element_type=\"widget\" data-e-type=\"widget\" data-widget_type=\"shortcode.default\">\n\t\t\t\t<div class=\"elementor-widget-container\">\n\t\t\t\t\t\t\t<div class=\"elementor-shortcode\"><iframe height=\"600px\" width=\"75%\" allowfullscreen=\"true\" src=\" \nhttps:\/\/momento360.com\/e\/u\/7476c068868847208116a3db58494fbf?utm_campaign=embed&utm_source=other&heading=70.9&pitch=-1.9&field-of-view=75&size=large&display-plan=true\"><\/iframe><\/div>\n\t\t\t\t\t\t<\/div>\n\t\t\t\t<\/div>\n\t\t\t\t<div class=\"elementor-element elementor-element-4b57959 elementor-hidden-desktop elementor-hidden-tablet elementor-widget elementor-widget-shortcode\" data-id=\"4b57959\" data-element_type=\"widget\" data-e-type=\"widget\" data-widget_type=\"shortcode.default\">\n\t\t\t\t<div class=\"elementor-widget-container\">\n\t\t\t\t\t\t\t<div class=\"elementor-shortcode\"><iframe height=\"300px\" width=\"75%\" allowfullscreen=\"true\" src=\" \n https:\/\/momento360.com\/e\/u\/7476c068868847208116a3db58494fbf?utm_campaign=embed&utm_source=other&heading=70.9&pitch=-1.9&field-of-view=75&size=large&display-plan=true\"><\/iframe><\/div>\n\t\t\t\t\t\t<\/div>\n\t\t\t\t<\/div>\n\t\t\t\t<div class=\"elementor-element elementor-element-78ced2e elementor-widget elementor-widget-heading\" data-id=\"78ced2e\" data-element_type=\"widget\" data-e-type=\"widget\" data-widget_type=\"heading.default\">\n\t\t\t\t<div class=\"elementor-widget-container\">\n\t\t\t\t\t<h2 class=\"elementor-heading-title elementor-size-default\">Video<\/h2>\t\t\t\t<\/div>\n\t\t\t\t<\/div>\n\t\t\t\t<div class=\"elementor-element elementor-element-a44b9cf elementor-widget elementor-widget-video\" data-id=\"a44b9cf\" data-element_type=\"widget\" data-e-type=\"widget\" data-settings=\"{&quot;video_type&quot;:&quot;vimeo&quot;}\" data-widget_type=\"video.default\">\n\t\t\t\t<div class=\"elementor-widget-container\">\n\t\t\t\t\t\t\t<div class=\"elementor-wrapper elementor-open-inline\">\n\t\t\t<iframe class=\"elementor-video-iframe\" allowfullscreen allow=\"clipboard-write\" title=\"vimeo Video Player\" src=\"https:\/\/player.vimeo.com\/video\/819771980?color&amp;autopause=0&amp;loop=0&amp;muted=0&amp;title=0&amp;portrait=1&amp;byline=1#t=\"><\/iframe>\t\t<\/div>\n\t\t\t\t\t\t<\/div>\n\t\t\t\t<\/div>\n\t\t\t\t<div class=\"elementor-element elementor-element-e115a85 elementor-widget elementor-widget-text-editor\" data-id=\"e115a85\" data-element_type=\"widget\" data-e-type=\"widget\" data-widget_type=\"text-editor.default\">\n\t\t\t\t<div class=\"elementor-widget-container\">\n\t\t\t\t\t\t\t\t\t<p><a name=\"_GoBack\"><\/a><\/p><p><strong>Location:<\/strong><\/p><p>MALTA<\/p><p>G\u0127ajn \u0126adid Beach, Selmun, Mellie\u0127a<\/p><p><strong>Time Schedule:<\/strong><\/p><p>Survey: 2023-04\/04-07 (1,5 days on-site)<\/p><p>Processing: 2023-04\/11-28<\/p>\t\t\t\t\t\t\t\t<\/div>\n\t\t\t\t<\/div>\n\t\t\t\t<div class=\"elementor-element elementor-element-a8d7b75 elementor-widget elementor-widget-heading\" data-id=\"a8d7b75\" data-element_type=\"widget\" data-e-type=\"widget\" data-widget_type=\"heading.default\">\n\t\t\t\t<div class=\"elementor-widget-container\">\n\t\t\t\t\t<h3 class=\"elementor-heading-title elementor-size-default\">Project background<\/h3>\t\t\t\t<\/div>\n\t\t\t\t<\/div>\n\t\t\t\t\t<\/div>\n\t\t<\/div>\n\t\t\t\t\t<\/div>\n\t\t<\/section>\n\t\t\t\t<section class=\"elementor-section elementor-top-section elementor-element elementor-element-7465f39 elementor-section-boxed elementor-section-height-default elementor-section-height-default\" data-id=\"7465f39\" data-element_type=\"section\" data-e-type=\"section\">\n\t\t\t\t\t\t<div class=\"elementor-container elementor-column-gap-default\">\n\t\t\t\t\t<div class=\"elementor-column elementor-col-50 elementor-top-column elementor-element elementor-element-4360e80\" data-id=\"4360e80\" data-element_type=\"column\" data-e-type=\"column\">\n\t\t\t<div class=\"elementor-widget-wrap elementor-element-populated\">\n\t\t\t\t\t\t<div class=\"elementor-element elementor-element-9a5b810 elementor-widget elementor-widget-text-editor\" data-id=\"9a5b810\" data-element_type=\"widget\" data-e-type=\"widget\" data-widget_type=\"text-editor.default\">\n\t\t\t\t<div class=\"elementor-widget-container\">\n\t\t\t\t\t\t\t\t\t<p><strong><a name=\"_GoBack\"><\/a>Commissioner:<\/strong><\/p><p><a href=\"https:\/\/www.ea.com\/de-de\">ELECTRONIC ARTS\u00a0<\/a><\/p><p><a href=\"https:\/\/www.ea.com\/ea-studios\/ripple-effect\">RIPPLE EFFECT<\/a><\/p>\t\t\t\t\t\t\t\t<\/div>\n\t\t\t\t<\/div>\n\t\t\t\t\t<\/div>\n\t\t<\/div>\n\t\t\t\t<div class=\"elementor-column elementor-col-50 elementor-top-column elementor-element elementor-element-8611dbd\" data-id=\"8611dbd\" data-element_type=\"column\" data-e-type=\"column\">\n\t\t\t<div class=\"elementor-widget-wrap elementor-element-populated\">\n\t\t\t\t\t\t<div class=\"elementor-element elementor-element-7f5dc46 elementor-widget elementor-widget-text-editor\" data-id=\"7f5dc46\" data-element_type=\"widget\" data-e-type=\"widget\" data-widget_type=\"text-editor.default\">\n\t\t\t\t<div class=\"elementor-widget-container\">\n\t\t\t\t\t\t\t\t\t<p><a name=\"_GoBack\"><\/a><\/p><p>EA\/RIPPLE<\/p><p>Coordination:<\/p><p>Karla Hernandez<\/p><p>Johann L\u00fctze<\/p><p>Yuni Lim<\/p><p>Olav Persson<\/p>\t\t\t\t\t\t\t\t<\/div>\n\t\t\t\t<\/div>\n\t\t\t\t\t<\/div>\n\t\t<\/div>\n\t\t\t\t\t<\/div>\n\t\t<\/section>\n\t\t\t\t<section class=\"elementor-section elementor-top-section elementor-element elementor-element-42b9e95 elementor-section-boxed elementor-section-height-default elementor-section-height-default\" data-id=\"42b9e95\" data-element_type=\"section\" data-e-type=\"section\">\n\t\t\t\t\t\t<div class=\"elementor-container elementor-column-gap-default\">\n\t\t\t\t\t<div class=\"elementor-column elementor-col-50 elementor-top-column elementor-element elementor-element-4f88ea5\" data-id=\"4f88ea5\" data-element_type=\"column\" data-e-type=\"column\">\n\t\t\t<div class=\"elementor-widget-wrap elementor-element-populated\">\n\t\t\t\t\t\t<div class=\"elementor-element elementor-element-cad4bd7 elementor-widget elementor-widget-text-editor\" data-id=\"cad4bd7\" data-element_type=\"widget\" data-e-type=\"widget\" data-widget_type=\"text-editor.default\">\n\t\t\t\t<div class=\"elementor-widget-container\">\n\t\t\t\t\t\t\t\t\t<p><a name=\"_GoBack\"><\/a><\/p><p>ARCTRON 3D<\/p><p>\u00a0<\/p>\t\t\t\t\t\t\t\t<\/div>\n\t\t\t\t<\/div>\n\t\t\t\t\t<\/div>\n\t\t<\/div>\n\t\t\t\t<div class=\"elementor-column elementor-col-50 elementor-top-column elementor-element elementor-element-67bc626\" data-id=\"67bc626\" data-element_type=\"column\" data-e-type=\"column\">\n\t\t\t<div class=\"elementor-widget-wrap elementor-element-populated\">\n\t\t\t\t\t\t<div class=\"elementor-element elementor-element-34bb5d1 elementor-widget elementor-widget-text-editor\" data-id=\"34bb5d1\" data-element_type=\"widget\" data-e-type=\"widget\" data-widget_type=\"text-editor.default\">\n\t\t\t\t<div class=\"elementor-widget-container\">\n\t\t\t\t\t\t\t\t\t<p><a name=\"_GoBack\"><\/a><\/p><p>3D-Scan (drone survey):<\/p><p>Martin Schaich<\/p><p>3D-Data Processing (photogrammetry):<\/p><p>Tuna Capar<\/p><p>Damla Kumbasar<\/p><p>Martin Schaich<\/p>\t\t\t\t\t\t\t\t<\/div>\n\t\t\t\t<\/div>\n\t\t\t\t\t<\/div>\n\t\t<\/div>\n\t\t\t\t\t<\/div>\n\t\t<\/section>\n\t\t\t\t<section class=\"elementor-section elementor-top-section elementor-element elementor-element-b432314 elementor-section-boxed elementor-section-height-default elementor-section-height-default\" data-id=\"b432314\" data-element_type=\"section\" data-e-type=\"section\">\n\t\t\t\t\t\t<div class=\"elementor-container elementor-column-gap-default\">\n\t\t\t\t\t<div class=\"elementor-column elementor-col-100 elementor-top-column elementor-element elementor-element-5d6a58e\" data-id=\"5d6a58e\" data-element_type=\"column\" data-e-type=\"column\">\n\t\t\t<div class=\"elementor-widget-wrap elementor-element-populated\">\n\t\t\t\t\t\t<div class=\"elementor-element elementor-element-c585671 elementor-widget elementor-widget-menu-anchor\" data-id=\"c585671\" data-element_type=\"widget\" data-e-type=\"widget\" data-widget_type=\"menu-anchor.default\">\n\t\t\t\t<div class=\"elementor-widget-container\">\n\t\t\t\t\t\t\t<div class=\"elementor-menu-anchor\" id=\"kontakt\"><\/div>\n\t\t\t\t\t\t<\/div>\n\t\t\t\t<\/div>\n\t\t\t\t\t<\/div>\n\t\t<\/div>\n\t\t\t\t\t<\/div>\n\t\t<\/section>\n\t\t\t\t<\/div>\n\t\t","protected":false},"excerpt":{"rendered":"<p>Pilot Project Cliff Kit MALTA other projects Panorama Video https:\/\/vimeo.com\/819771980&hellip;<\/p>\n<p> <a class=\"more-link\" href=\"https:\/\/denkmal.arctron.de\/ea\/cliff-kit-malta\/\">Weiterlesen<\/a><\/p>\n","protected":false},"author":1,"featured_media":0,"parent":0,"menu_order":0,"comment_status":"closed","ping_status":"closed","template":"elementor_header_footer","meta":{"footnotes":""},"class_list":["post-1226","page","type-page","status-publish"],"yoast_head":"<!-- This site is optimized with the Yoast SEO plugin v27.0 - https:\/\/yoast.com\/product\/yoast-seo-wordpress\/ -->\n<title>Cliff Kit MALTA - EA<\/title>\n<meta name=\"description\" content=\"Zwischen Fr\u00fchling und Herbst 2022 durften wir ein besonderes Projekt &quot;\u00b4K\u00e4mpfende Ritter&quot; im Auftrag und in Kooperation mit dem Deutschen Burgenmuseum auf der Veste Heldburg im S\u00fcden Th\u00fcringens vermessen.\" \/>\n<meta name=\"robots\" content=\"index, follow, max-snippet:-1, max-image-preview:large, max-video-preview:-1\" \/>\n<link rel=\"canonical\" href=\"https:\/\/denkmal.arctron.de\/ea\/cliff-kit-malta\/\" \/>\n<meta property=\"og:locale\" content=\"de_DE\" \/>\n<meta property=\"og:type\" content=\"article\" \/>\n<meta property=\"og:title\" content=\"Cliff Kit MALTA - EA\" \/>\n<meta property=\"og:description\" content=\"Zwischen Fr\u00fchling und Herbst 2022 durften wir ein besonderes Projekt &quot;\u00b4K\u00e4mpfende Ritter&quot; im Auftrag und in Kooperation mit dem Deutschen Burgenmuseum auf der Veste Heldburg im S\u00fcden Th\u00fcringens vermessen.\" \/>\n<meta property=\"og:url\" content=\"https:\/\/denkmal.arctron.de\/ea\/cliff-kit-malta\/\" \/>\n<meta property=\"og:site_name\" content=\"EA\" \/>\n<meta property=\"article:modified_time\" content=\"2023-05-10T11:54:14+00:00\" \/>\n<meta property=\"og:image\" content=\"https:\/\/denkmal.arctron.de\/wp-content\/uploads\/2020\/08\/raven-downBTN.png\" \/>\n<meta name=\"twitter:card\" content=\"summary_large_image\" \/>\n<meta name=\"twitter:label1\" content=\"Gesch\u00e4tzte Lesezeit\" \/>\n\t<meta name=\"twitter:data1\" content=\"1\u00a0Minute\" \/>\n<script type=\"application\/ld+json\" class=\"yoast-schema-graph\">{\"@context\":\"https:\/\/schema.org\",\"@graph\":[{\"@type\":\"WebPage\",\"@id\":\"https:\/\/denkmal.arctron.de\/ea\/cliff-kit-malta\/\",\"url\":\"https:\/\/denkmal.arctron.de\/ea\/cliff-kit-malta\/\",\"name\":\"Cliff Kit MALTA - EA\",\"isPartOf\":{\"@id\":\"https:\/\/denkmal.arctron.de\/ea\/#website\"},\"primaryImageOfPage\":{\"@id\":\"https:\/\/denkmal.arctron.de\/ea\/cliff-kit-malta\/#primaryimage\"},\"image\":{\"@id\":\"https:\/\/denkmal.arctron.de\/ea\/cliff-kit-malta\/#primaryimage\"},\"thumbnailUrl\":\"https:\/\/denkmal.arctron.de\/wp-content\/uploads\/2020\/08\/raven-downBTN.png\",\"datePublished\":\"2023-04-20T12:30:53+00:00\",\"dateModified\":\"2023-05-10T11:54:14+00:00\",\"description\":\"Zwischen Fr\u00fchling und Herbst 2022 durften wir ein besonderes Projekt \\\"\u00b4K\u00e4mpfende Ritter\\\" im Auftrag und in Kooperation mit dem Deutschen Burgenmuseum auf der Veste Heldburg im S\u00fcden Th\u00fcringens vermessen.\",\"breadcrumb\":{\"@id\":\"https:\/\/denkmal.arctron.de\/ea\/cliff-kit-malta\/#breadcrumb\"},\"inLanguage\":\"de\",\"potentialAction\":[{\"@type\":\"ReadAction\",\"target\":[\"https:\/\/denkmal.arctron.de\/ea\/cliff-kit-malta\/\"]}]},{\"@type\":\"ImageObject\",\"inLanguage\":\"de\",\"@id\":\"https:\/\/denkmal.arctron.de\/ea\/cliff-kit-malta\/#primaryimage\",\"url\":\"https:\/\/denkmal.arctron.de\/wp-content\/uploads\/2020\/08\/raven-downBTN.png\",\"contentUrl\":\"https:\/\/denkmal.arctron.de\/wp-content\/uploads\/2020\/08\/raven-downBTN.png\"},{\"@type\":\"BreadcrumbList\",\"@id\":\"https:\/\/denkmal.arctron.de\/ea\/cliff-kit-malta\/#breadcrumb\",\"itemListElement\":[{\"@type\":\"ListItem\",\"position\":1,\"name\":\"Home\",\"item\":\"https:\/\/denkmal.arctron.de\/ea\/\"},{\"@type\":\"ListItem\",\"position\":2,\"name\":\"Cliff Kit MALTA\"}]},{\"@type\":\"WebSite\",\"@id\":\"https:\/\/denkmal.arctron.de\/ea\/#website\",\"url\":\"https:\/\/denkmal.arctron.de\/ea\/\",\"name\":\"EA\",\"description\":\"\u00dcbersicht \u00fcber verschiedene Denkmalprojekte\",\"potentialAction\":[{\"@type\":\"SearchAction\",\"target\":{\"@type\":\"EntryPoint\",\"urlTemplate\":\"https:\/\/denkmal.arctron.de\/ea\/?s={search_term_string}\"},\"query-input\":{\"@type\":\"PropertyValueSpecification\",\"valueRequired\":true,\"valueName\":\"search_term_string\"}}],\"inLanguage\":\"de\"}]}<\/script>\n<!-- \/ Yoast SEO plugin. -->","yoast_head_json":{"title":"Cliff Kit MALTA - EA","description":"Zwischen Fr\u00fchling und Herbst 2022 durften wir ein besonderes Projekt \"\u00b4K\u00e4mpfende Ritter\" im Auftrag und in Kooperation mit dem Deutschen Burgenmuseum auf der Veste Heldburg im S\u00fcden Th\u00fcringens vermessen.","robots":{"index":"index","follow":"follow","max-snippet":"max-snippet:-1","max-image-preview":"max-image-preview:large","max-video-preview":"max-video-preview:-1"},"canonical":"https:\/\/denkmal.arctron.de\/ea\/cliff-kit-malta\/","og_locale":"de_DE","og_type":"article","og_title":"Cliff Kit MALTA - EA","og_description":"Zwischen Fr\u00fchling und Herbst 2022 durften wir ein besonderes Projekt \"\u00b4K\u00e4mpfende Ritter\" im Auftrag und in Kooperation mit dem Deutschen Burgenmuseum auf der Veste Heldburg im S\u00fcden Th\u00fcringens vermessen.","og_url":"https:\/\/denkmal.arctron.de\/ea\/cliff-kit-malta\/","og_site_name":"EA","article_modified_time":"2023-05-10T11:54:14+00:00","og_image":[{"url":"https:\/\/denkmal.arctron.de\/wp-content\/uploads\/2020\/08\/raven-downBTN.png","type":"","width":"","height":""}],"twitter_card":"summary_large_image","twitter_misc":{"Gesch\u00e4tzte Lesezeit":"1\u00a0Minute"},"schema":{"@context":"https:\/\/schema.org","@graph":[{"@type":"WebPage","@id":"https:\/\/denkmal.arctron.de\/ea\/cliff-kit-malta\/","url":"https:\/\/denkmal.arctron.de\/ea\/cliff-kit-malta\/","name":"Cliff Kit MALTA - EA","isPartOf":{"@id":"https:\/\/denkmal.arctron.de\/ea\/#website"},"primaryImageOfPage":{"@id":"https:\/\/denkmal.arctron.de\/ea\/cliff-kit-malta\/#primaryimage"},"image":{"@id":"https:\/\/denkmal.arctron.de\/ea\/cliff-kit-malta\/#primaryimage"},"thumbnailUrl":"https:\/\/denkmal.arctron.de\/wp-content\/uploads\/2020\/08\/raven-downBTN.png","datePublished":"2023-04-20T12:30:53+00:00","dateModified":"2023-05-10T11:54:14+00:00","description":"Zwischen Fr\u00fchling und Herbst 2022 durften wir ein besonderes Projekt \"\u00b4K\u00e4mpfende Ritter\" im Auftrag und in Kooperation mit dem Deutschen Burgenmuseum auf der Veste Heldburg im S\u00fcden Th\u00fcringens vermessen.","breadcrumb":{"@id":"https:\/\/denkmal.arctron.de\/ea\/cliff-kit-malta\/#breadcrumb"},"inLanguage":"de","potentialAction":[{"@type":"ReadAction","target":["https:\/\/denkmal.arctron.de\/ea\/cliff-kit-malta\/"]}]},{"@type":"ImageObject","inLanguage":"de","@id":"https:\/\/denkmal.arctron.de\/ea\/cliff-kit-malta\/#primaryimage","url":"https:\/\/denkmal.arctron.de\/wp-content\/uploads\/2020\/08\/raven-downBTN.png","contentUrl":"https:\/\/denkmal.arctron.de\/wp-content\/uploads\/2020\/08\/raven-downBTN.png"},{"@type":"BreadcrumbList","@id":"https:\/\/denkmal.arctron.de\/ea\/cliff-kit-malta\/#breadcrumb","itemListElement":[{"@type":"ListItem","position":1,"name":"Home","item":"https:\/\/denkmal.arctron.de\/ea\/"},{"@type":"ListItem","position":2,"name":"Cliff Kit MALTA"}]},{"@type":"WebSite","@id":"https:\/\/denkmal.arctron.de\/ea\/#website","url":"https:\/\/denkmal.arctron.de\/ea\/","name":"EA","description":"\u00dcbersicht \u00fcber verschiedene Denkmalprojekte","potentialAction":[{"@type":"SearchAction","target":{"@type":"EntryPoint","urlTemplate":"https:\/\/denkmal.arctron.de\/ea\/?s={search_term_string}"},"query-input":{"@type":"PropertyValueSpecification","valueRequired":true,"valueName":"search_term_string"}}],"inLanguage":"de"}]}},"_links":{"self":[{"href":"https:\/\/denkmal.arctron.de\/ea\/wp-json\/wp\/v2\/pages\/1226","targetHints":{"allow":["GET"]}}],"collection":[{"href":"https:\/\/denkmal.arctron.de\/ea\/wp-json\/wp\/v2\/pages"}],"about":[{"href":"https:\/\/denkmal.arctron.de\/ea\/wp-json\/wp\/v2\/types\/page"}],"author":[{"embeddable":true,"href":"https:\/\/denkmal.arctron.de\/ea\/wp-json\/wp\/v2\/users\/1"}],"replies":[{"embeddable":true,"href":"https:\/\/denkmal.arctron.de\/ea\/wp-json\/wp\/v2\/comments?post=1226"}],"version-history":[{"count":34,"href":"https:\/\/denkmal.arctron.de\/ea\/wp-json\/wp\/v2\/pages\/1226\/revisions"}],"predecessor-version":[{"id":1325,"href":"https:\/\/denkmal.arctron.de\/ea\/wp-json\/wp\/v2\/pages\/1226\/revisions\/1325"}],"wp:attachment":[{"href":"https:\/\/denkmal.arctron.de\/ea\/wp-json\/wp\/v2\/media?parent=1226"}],"curies":[{"name":"wp","href":"https:\/\/api.w.org\/{rel}","templated":true}]}}