{"id":17,"date":"2020-08-12T11:11:58","date_gmt":"2020-08-12T09:11:58","guid":{"rendered":"https:\/\/denkmal.arctron.de\/ea\/?page_id=17"},"modified":"2023-04-24T08:54:48","modified_gmt":"2023-04-24T06:54:48","slug":"home","status":"publish","type":"page","link":"https:\/\/denkmal.arctron.de\/ea\/","title":{"rendered":"Home"},"content":{"rendered":"","protected":true},"excerpt":{"rendered":"","protected":true},"author":1,"featured_media":0,"parent":0,"menu_order":0,"comment_status":"closed","ping_status":"closed","template":"elementor_header_footer","meta":{"footnotes":""},"class_list":["post-17","page","type-page","status-publish","post-password-required"],"yoast_head":"<!-- This site is optimized with the Yoast SEO plugin v27.0 - https:\/\/yoast.com\/product\/yoast-seo-wordpress\/ -->\n<title>Home - EA<\/title>\n<meta name=\"description\" content=\"Zwischen Fr\u00fchling und Herbst 2022 durften wir ein besonderes Projekt &quot;\u00b4K\u00e4mpfende Ritter&quot; im Auftrag und in Kooperation mit dem Deutschen Burgenmuseum auf der Veste Heldburg im S\u00fcden Th\u00fcringens vermessen.\" \/>\n<meta name=\"robots\" content=\"index, follow, max-snippet:-1, max-image-preview:large, max-video-preview:-1\" \/>\n<link rel=\"canonical\" href=\"https:\/\/denkmal.arctron.de\/ea\/\" \/>\n<meta property=\"og:locale\" content=\"de_DE\" \/>\n<meta property=\"og:type\" content=\"article\" \/>\n<meta property=\"og:title\" content=\"Home - EA\" \/>\n<meta property=\"og:description\" content=\"Zwischen Fr\u00fchling und Herbst 2022 durften wir ein besonderes Projekt &quot;\u00b4K\u00e4mpfende Ritter&quot; im Auftrag und in Kooperation mit dem Deutschen Burgenmuseum auf der Veste Heldburg im S\u00fcden Th\u00fcringens vermessen.\" \/>\n<meta property=\"og:url\" content=\"https:\/\/denkmal.arctron.de\/ea\/\" \/>\n<meta property=\"og:site_name\" content=\"EA\" \/>\n<meta property=\"article:modified_time\" content=\"2023-04-24T06:54:48+00:00\" \/>\n<meta name=\"twitter:card\" content=\"summary_large_image\" \/>\n<meta name=\"twitter:label1\" content=\"Gesch\u00e4tzte Lesezeit\" \/>\n\t<meta name=\"twitter:data1\" content=\"2 Minuten\" \/>\n<script type=\"application\/ld+json\" class=\"yoast-schema-graph\">{\"@context\":\"https:\/\/schema.org\",\"@graph\":[{\"@type\":\"WebPage\",\"@id\":\"https:\/\/denkmal.arctron.de\/ea\/\",\"url\":\"https:\/\/denkmal.arctron.de\/ea\/\",\"name\":\"Home - EA\",\"isPartOf\":{\"@id\":\"https:\/\/denkmal.arctron.de\/ea\/#website\"},\"datePublished\":\"2020-08-12T09:11:58+00:00\",\"dateModified\":\"2023-04-24T06:54:48+00:00\",\"breadcrumb\":{\"@id\":\"https:\/\/denkmal.arctron.de\/ea\/#breadcrumb\"},\"inLanguage\":\"de-DE\"},{\"@type\":\"WebSite\",\"@id\":\"https:\/\/denkmal.arctron.de\/ea\/#website\",\"url\":\"https:\/\/denkmal.arctron.de\/ea\/\",\"name\":\"EA\",\"description\":\"\u00dcbersicht \u00fcber verschiedene Denkmalprojekte\",\"potentialAction\":[{\"@type\":\"SearchAction\",\"target\":{\"@type\":\"EntryPoint\",\"urlTemplate\":\"https:\/\/denkmal.arctron.de\/ea\/?s={search_term_string}\"},\"query-input\":{\"@type\":\"PropertyValueSpecification\",\"valueRequired\":true,\"valueName\":\"search_term_string\"}}],\"inLanguage\":\"de-DE\"}]}<\/script>\n<!-- \/ Yoast SEO plugin. -->","yoast_head_json":{"title":"Home - EA","description":"Zwischen Fr\u00fchling und Herbst 2022 durften wir ein besonderes Projekt \"\u00b4K\u00e4mpfende Ritter\" im Auftrag und in Kooperation mit dem Deutschen Burgenmuseum auf der Veste Heldburg im S\u00fcden Th\u00fcringens vermessen.","robots":{"index":"index","follow":"follow","max-snippet":"max-snippet:-1","max-image-preview":"max-image-preview:large","max-video-preview":"max-video-preview:-1"},"canonical":"https:\/\/denkmal.arctron.de\/ea\/","og_locale":"de_DE","og_type":"article","og_title":"Home - EA","og_description":"Zwischen Fr\u00fchling und Herbst 2022 durften wir ein besonderes Projekt \"\u00b4K\u00e4mpfende Ritter\" im Auftrag und in Kooperation mit dem Deutschen Burgenmuseum auf der Veste Heldburg im S\u00fcden Th\u00fcringens vermessen.","og_url":"https:\/\/denkmal.arctron.de\/ea\/","og_site_name":"EA","article_modified_time":"2023-04-24T06:54:48+00:00","twitter_card":"summary_large_image","twitter_misc":{"Gesch\u00e4tzte Lesezeit":"2 Minuten"},"schema":{"@context":"https:\/\/schema.org","@graph":[{"@type":"WebPage","@id":"https:\/\/denkmal.arctron.de\/ea\/","url":"https:\/\/denkmal.arctron.de\/ea\/","name":"Home - EA","isPartOf":{"@id":"https:\/\/denkmal.arctron.de\/ea\/#website"},"datePublished":"2020-08-12T09:11:58+00:00","dateModified":"2023-04-24T06:54:48+00:00","breadcrumb":{"@id":"https:\/\/denkmal.arctron.de\/ea\/#breadcrumb"},"inLanguage":"de-DE"},{"@type":"WebSite","@id":"https:\/\/denkmal.arctron.de\/ea\/#website","url":"https:\/\/denkmal.arctron.de\/ea\/","name":"EA","description":"\u00dcbersicht \u00fcber verschiedene Denkmalprojekte","potentialAction":[{"@type":"SearchAction","target":{"@type":"EntryPoint","urlTemplate":"https:\/\/denkmal.arctron.de\/ea\/?s={search_term_string}"},"query-input":{"@type":"PropertyValueSpecification","valueRequired":true,"valueName":"search_term_string"}}],"inLanguage":"de-DE"}]}},"_links":{"self":[{"href":"https:\/\/denkmal.arctron.de\/ea\/wp-json\/wp\/v2\/pages\/17","targetHints":{"allow":["GET"]}}],"collection":[{"href":"https:\/\/denkmal.arctron.de\/ea\/wp-json\/wp\/v2\/pages"}],"about":[{"href":"https:\/\/denkmal.arctron.de\/ea\/wp-json\/wp\/v2\/types\/page"}],"author":[{"embeddable":true,"href":"https:\/\/denkmal.arctron.de\/ea\/wp-json\/wp\/v2\/users\/1"}],"replies":[{"embeddable":true,"href":"https:\/\/denkmal.arctron.de\/ea\/wp-json\/wp\/v2\/comments?post=17"}],"version-history":[{"count":622,"href":"https:\/\/denkmal.arctron.de\/ea\/wp-json\/wp\/v2\/pages\/17\/revisions"}],"predecessor-version":[{"id":1321,"href":"https:\/\/denkmal.arctron.de\/ea\/wp-json\/wp\/v2\/pages\/17\/revisions\/1321"}],"wp:attachment":[{"href":"https:\/\/denkmal.arctron.de\/ea\/wp-json\/wp\/v2\/media?parent=17"}],"curies":[{"name":"wp","href":"https:\/\/api.w.org\/{rel}","templated":true}]}}