{"id":3878,"date":"2021-09-09T10:29:35","date_gmt":"2021-09-09T08:29:35","guid":{"rendered":"https:\/\/denkmal.arctron.de\/festung-regenstein\/?page_id=3878"},"modified":"2021-12-03T15:16:59","modified_gmt":"2021-12-03T14:16:59","slug":"aktuelles","status":"publish","type":"page","link":"https:\/\/denkmal.arctron.de\/festung-regenstein\/aktuelles\/","title":{"rendered":"AKTUELLES"},"content":{"rendered":"\t\t<div data-elementor-type=\"wp-page\" data-elementor-id=\"3878\" class=\"elementor elementor-3878\" data-elementor-post-type=\"page\">\n\t\t\t\t\t\t<section class=\"elementor-section elementor-top-section elementor-element elementor-element-a678aad elementor-section-stretched elementor-section-boxed elementor-section-height-default elementor-section-height-default\" data-id=\"a678aad\" data-element_type=\"section\" data-e-type=\"section\" data-settings=\"{&quot;stretch_section&quot;:&quot;section-stretched&quot;,&quot;background_background&quot;:&quot;classic&quot;}\">\n\t\t\t\t\t\t\t<div class=\"elementor-background-overlay\"><\/div>\n\t\t\t\t\t\t\t<div class=\"elementor-container elementor-column-gap-default\">\n\t\t\t\t\t<div class=\"elementor-column elementor-col-100 elementor-top-column elementor-element elementor-element-992dec9\" data-id=\"992dec9\" data-element_type=\"column\" data-e-type=\"column\">\n\t\t\t<div class=\"elementor-widget-wrap elementor-element-populated\">\n\t\t\t\t\t\t<div class=\"elementor-element elementor-element-919fd16 elementor-widget elementor-widget-spacer\" data-id=\"919fd16\" data-element_type=\"widget\" data-e-type=\"widget\" data-widget_type=\"spacer.default\">\n\t\t\t\t<div class=\"elementor-widget-container\">\n\t\t\t\t\t\t\t<div class=\"elementor-spacer\">\n\t\t\t<div class=\"elementor-spacer-inner\"><\/div>\n\t\t<\/div>\n\t\t\t\t\t\t<\/div>\n\t\t\t\t<\/div>\n\t\t\t\t<div class=\"elementor-element elementor-element-6653d1a elementor-widget elementor-widget-heading\" data-id=\"6653d1a\" data-element_type=\"widget\" data-e-type=\"widget\" data-widget_type=\"heading.default\">\n\t\t\t\t<div class=\"elementor-widget-container\">\n\t\t\t\t\t<p class=\"elementor-heading-title elementor-size-default\">AKTUELLES<\/p>\t\t\t\t<\/div>\n\t\t\t\t<\/div>\n\t\t\t\t<div class=\"elementor-element elementor-element-76ecbec elementor-widget elementor-widget-spacer\" data-id=\"76ecbec\" data-element_type=\"widget\" data-e-type=\"widget\" data-widget_type=\"spacer.default\">\n\t\t\t\t<div class=\"elementor-widget-container\">\n\t\t\t\t\t\t\t<div class=\"elementor-spacer\">\n\t\t\t<div class=\"elementor-spacer-inner\"><\/div>\n\t\t<\/div>\n\t\t\t\t\t\t<\/div>\n\t\t\t\t<\/div>\n\t\t\t\t\t<\/div>\n\t\t<\/div>\n\t\t\t\t\t<\/div>\n\t\t<\/section>\n\t\t\t\t<section class=\"elementor-section elementor-top-section elementor-element elementor-element-fe0a25b elementor-section-boxed elementor-section-height-default elementor-section-height-default\" data-id=\"fe0a25b\" data-element_type=\"section\" data-e-type=\"section\" data-settings=\"{&quot;background_background&quot;:&quot;classic&quot;}\">\n\t\t\t\t\t\t\t<div class=\"elementor-background-overlay\"><\/div>\n\t\t\t\t\t\t\t<div class=\"elementor-container elementor-column-gap-default\">\n\t\t\t\t\t<div class=\"elementor-column elementor-col-100 elementor-top-column elementor-element elementor-element-8c6adc6\" data-id=\"8c6adc6\" data-element_type=\"column\" data-e-type=\"column\">\n\t\t\t<div class=\"elementor-widget-wrap\">\n\t\t\t\t\t\t\t<\/div>\n\t\t<\/div>\n\t\t\t\t\t<\/div>\n\t\t<\/section>\n\t\t\t\t<section class=\"elementor-section elementor-top-section elementor-element elementor-element-6d622ef elementor-section-boxed elementor-section-height-default elementor-section-height-default\" data-id=\"6d622ef\" data-element_type=\"section\" data-e-type=\"section\" data-settings=\"{&quot;background_background&quot;:&quot;classic&quot;}\">\n\t\t\t\t\t\t\t<div class=\"elementor-background-overlay\"><\/div>\n\t\t\t\t\t\t\t<div class=\"elementor-container elementor-column-gap-default\">\n\t\t\t\t\t<div class=\"elementor-column elementor-col-100 elementor-top-column elementor-element elementor-element-9456fc8\" data-id=\"9456fc8\" data-element_type=\"column\" data-e-type=\"column\" data-settings=\"{&quot;background_background&quot;:&quot;classic&quot;}\">\n\t\t\t<div class=\"elementor-widget-wrap elementor-element-populated\">\n\t\t\t\t\t\t<div class=\"elementor-element elementor-element-d0e5965 elementor-widget elementor-widget-text-editor\" data-id=\"d0e5965\" data-element_type=\"widget\" data-e-type=\"widget\" data-widget_type=\"text-editor.default\">\n\t\t\t\t<div class=\"elementor-widget-container\">\n\t\t\t\t\t\t\t\t\t<p>Wir freuen uns \u00fcber Ihre R\u00fcckmeldung, Anregungen und gerne auch \u00fcber Probleme oder Bug-Reports an <a href=\"mailto:info@arctron.de\">info@arctron.de<\/a>. Wir werden uns bem\u00fchen, diese zeitnah zu bearbeiten.<\/p>\t\t\t\t\t\t\t\t<\/div>\n\t\t\t\t<\/div>\n\t\t\t\t\t<\/div>\n\t\t<\/div>\n\t\t\t\t\t<\/div>\n\t\t<\/section>\n\t\t\t\t<section class=\"elementor-section elementor-top-section elementor-element elementor-element-159d8c8 elementor-section-boxed elementor-section-height-default elementor-section-height-default\" data-id=\"159d8c8\" data-element_type=\"section\" data-e-type=\"section\" data-settings=\"{&quot;background_background&quot;:&quot;classic&quot;}\">\n\t\t\t\t\t\t\t<div class=\"elementor-background-overlay\"><\/div>\n\t\t\t\t\t\t\t<div class=\"elementor-container elementor-column-gap-default\">\n\t\t\t\t\t<div class=\"elementor-column elementor-col-100 elementor-top-column elementor-element elementor-element-25a3141\" data-id=\"25a3141\" data-element_type=\"column\" data-e-type=\"column\" data-settings=\"{&quot;background_background&quot;:&quot;classic&quot;}\">\n\t\t\t<div class=\"elementor-widget-wrap elementor-element-populated\">\n\t\t\t\t\t\t<div class=\"elementor-element elementor-element-1debe17 elementor-widget elementor-widget-heading\" data-id=\"1debe17\" data-element_type=\"widget\" data-e-type=\"widget\" data-widget_type=\"heading.default\">\n\t\t\t\t<div class=\"elementor-widget-container\">\n\t\t\t\t\t<h2 class=\"elementor-heading-title elementor-size-default\">Harzer Volksstimme Zeitung f\u00fcr Sachsen-Anhalt<\/h2>\t\t\t\t<\/div>\n\t\t\t\t<\/div>\n\t\t\t\t<div class=\"elementor-element elementor-element-1958ccd elementor-widget elementor-widget-text-editor\" data-id=\"1958ccd\" data-element_type=\"widget\" data-e-type=\"widget\" data-widget_type=\"text-editor.default\">\n\t\t\t\t<div class=\"elementor-widget-container\">\n\t\t\t\t\t\t\t\t\t<p>Regenstein APP in der Harzer Volkstimme Zeitung<\/p>\t\t\t\t\t\t\t\t<\/div>\n\t\t\t\t<\/div>\n\t\t\t\t\t<\/div>\n\t\t<\/div>\n\t\t\t\t\t<\/div>\n\t\t<\/section>\n\t\t\t\t<section class=\"elementor-section elementor-top-section elementor-element elementor-element-e9c5cb4 elementor-section-boxed elementor-section-height-default elementor-section-height-default\" data-id=\"e9c5cb4\" data-element_type=\"section\" data-e-type=\"section\" data-settings=\"{&quot;background_background&quot;:&quot;classic&quot;}\">\n\t\t\t\t\t\t\t<div class=\"elementor-background-overlay\"><\/div>\n\t\t\t\t\t\t\t<div class=\"elementor-container elementor-column-gap-default\">\n\t\t\t\t\t<div class=\"elementor-column elementor-col-50 elementor-top-column elementor-element elementor-element-e6e650f\" data-id=\"e6e650f\" data-element_type=\"column\" data-e-type=\"column\" data-settings=\"{&quot;background_background&quot;:&quot;classic&quot;}\">\n\t\t\t<div class=\"elementor-widget-wrap elementor-element-populated\">\n\t\t\t\t\t\t<div class=\"elementor-element elementor-element-ac01739 elementor-widget elementor-widget-image\" data-id=\"ac01739\" data-element_type=\"widget\" data-e-type=\"widget\" data-widget_type=\"image.default\">\n\t\t\t\t<div class=\"elementor-widget-container\">\n\t\t\t\t\t\t\t\t\t\t\t\t\t\t\t\t<a href=\"https:\/\/denkmal.arctron.de\/festung-regenstein\/wp-content\/uploads\/sites\/7\/2021\/09\/Digitale-Reise-in-die-Vergangenheit-scaled.jpg\" data-elementor-open-lightbox=\"yes\" data-elementor-lightbox-title=\"Digitale Reise in die Vergangenheit\" data-e-action-hash=\"#elementor-action%3Aaction%3Dlightbox%26settings%3DeyJpZCI6MzkyMSwidXJsIjoiaHR0cHM6XC9cL2RlbmttYWwuYXJjdHJvbi5kZVwvZmVzdHVuZy1yZWdlbnN0ZWluXC93cC1jb250ZW50XC91cGxvYWRzXC9zaXRlc1wvN1wvMjAyMVwvMDlcL0RpZ2l0YWxlLVJlaXNlLWluLWRpZS1WZXJnYW5nZW5oZWl0LXNjYWxlZC5qcGcifQ%3D%3D\">\n\t\t\t\t\t\t\t<img fetchpriority=\"high\" decoding=\"async\" width=\"800\" height=\"852\" src=\"https:\/\/denkmal.arctron.de\/festung-regenstein\/wp-content\/uploads\/sites\/7\/2021\/09\/Digitale-Reise-in-die-Vergangenheit-961x1024.jpg\" class=\"attachment-large size-large wp-image-3921\" alt=\"\" srcset=\"https:\/\/denkmal.arctron.de\/festung-regenstein\/wp-content\/uploads\/sites\/7\/2021\/09\/Digitale-Reise-in-die-Vergangenheit-961x1024.jpg 961w, https:\/\/denkmal.arctron.de\/festung-regenstein\/wp-content\/uploads\/sites\/7\/2021\/09\/Digitale-Reise-in-die-Vergangenheit-282x300.jpg 282w, https:\/\/denkmal.arctron.de\/festung-regenstein\/wp-content\/uploads\/sites\/7\/2021\/09\/Digitale-Reise-in-die-Vergangenheit-768x818.jpg 768w, https:\/\/denkmal.arctron.de\/festung-regenstein\/wp-content\/uploads\/sites\/7\/2021\/09\/Digitale-Reise-in-die-Vergangenheit-1442x1536.jpg 1442w, https:\/\/denkmal.arctron.de\/festung-regenstein\/wp-content\/uploads\/sites\/7\/2021\/09\/Digitale-Reise-in-die-Vergangenheit-1922x2048.jpg 1922w, https:\/\/denkmal.arctron.de\/festung-regenstein\/wp-content\/uploads\/sites\/7\/2021\/09\/Digitale-Reise-in-die-Vergangenheit-11x12.jpg 11w\" sizes=\"(max-width: 800px) 100vw, 800px\" \/>\t\t\t\t\t\t\t\t<\/a>\n\t\t\t\t\t\t\t\t\t\t\t\t\t\t\t<\/div>\n\t\t\t\t<\/div>\n\t\t\t\t\t<\/div>\n\t\t<\/div>\n\t\t\t\t<div class=\"elementor-column elementor-col-50 elementor-top-column elementor-element elementor-element-b9861e2\" data-id=\"b9861e2\" data-element_type=\"column\" data-e-type=\"column\" data-settings=\"{&quot;background_background&quot;:&quot;classic&quot;}\">\n\t\t\t<div class=\"elementor-widget-wrap elementor-element-populated\">\n\t\t\t\t\t\t<div class=\"elementor-element elementor-element-cf06338 elementor-widget elementor-widget-image\" data-id=\"cf06338\" data-element_type=\"widget\" data-e-type=\"widget\" data-widget_type=\"image.default\">\n\t\t\t\t<div class=\"elementor-widget-container\">\n\t\t\t\t\t\t\t\t\t\t\t\t\t\t\t\t<a href=\"https:\/\/denkmal.arctron.de\/festung-regenstein\/wp-content\/uploads\/sites\/7\/2021\/09\/Regenstein-Per-App-wird-Festungszeit-lebendig.jpg\" data-elementor-open-lightbox=\"yes\" data-elementor-lightbox-title=\"Regenstein Per App wird Festungszeit lebendig\" data-e-action-hash=\"#elementor-action%3Aaction%3Dlightbox%26settings%3DeyJpZCI6MzkxOSwidXJsIjoiaHR0cHM6XC9cL2RlbmttYWwuYXJjdHJvbi5kZVwvZmVzdHVuZy1yZWdlbnN0ZWluXC93cC1jb250ZW50XC91cGxvYWRzXC9zaXRlc1wvN1wvMjAyMVwvMDlcL1JlZ2Vuc3RlaW4tUGVyLUFwcC13aXJkLUZlc3R1bmdzemVpdC1sZWJlbmRpZy5qcGcifQ%3D%3D\">\n\t\t\t\t\t\t\t<img decoding=\"async\" width=\"800\" height=\"756\" src=\"https:\/\/denkmal.arctron.de\/festung-regenstein\/wp-content\/uploads\/sites\/7\/2021\/09\/Regenstein-Per-App-wird-Festungszeit-lebendig-1024x968.jpg\" class=\"attachment-large size-large wp-image-3919\" alt=\"\" srcset=\"https:\/\/denkmal.arctron.de\/festung-regenstein\/wp-content\/uploads\/sites\/7\/2021\/09\/Regenstein-Per-App-wird-Festungszeit-lebendig-1024x968.jpg 1024w, https:\/\/denkmal.arctron.de\/festung-regenstein\/wp-content\/uploads\/sites\/7\/2021\/09\/Regenstein-Per-App-wird-Festungszeit-lebendig-300x283.jpg 300w, https:\/\/denkmal.arctron.de\/festung-regenstein\/wp-content\/uploads\/sites\/7\/2021\/09\/Regenstein-Per-App-wird-Festungszeit-lebendig-768x726.jpg 768w, https:\/\/denkmal.arctron.de\/festung-regenstein\/wp-content\/uploads\/sites\/7\/2021\/09\/Regenstein-Per-App-wird-Festungszeit-lebendig-1536x1451.jpg 1536w, https:\/\/denkmal.arctron.de\/festung-regenstein\/wp-content\/uploads\/sites\/7\/2021\/09\/Regenstein-Per-App-wird-Festungszeit-lebendig-2048x1935.jpg 2048w, https:\/\/denkmal.arctron.de\/festung-regenstein\/wp-content\/uploads\/sites\/7\/2021\/09\/Regenstein-Per-App-wird-Festungszeit-lebendig-13x12.jpg 13w\" sizes=\"(max-width: 800px) 100vw, 800px\" \/>\t\t\t\t\t\t\t\t<\/a>\n\t\t\t\t\t\t\t\t\t\t\t\t\t\t\t<\/div>\n\t\t\t\t<\/div>\n\t\t\t\t\t<\/div>\n\t\t<\/div>\n\t\t\t\t\t<\/div>\n\t\t<\/section>\n\t\t\t\t<\/div>\n\t\t","protected":false},"excerpt":{"rendered":"<p>AKTUELLES Wir freuen uns \u00fcber Ihre R\u00fcckmeldung, Anregungen und gerne&hellip;<\/p>\n<p> <a class=\"more-link\" href=\"https:\/\/denkmal.arctron.de\/festung-regenstein\/aktuelles\/\">Weiterlesen<\/a><\/p>\n","protected":false},"author":1,"featured_media":0,"parent":0,"menu_order":0,"comment_status":"closed","ping_status":"closed","template":"elementor_header_footer","meta":{"footnotes":""},"class_list":["post-3878","page","type-page","status-publish"],"yoast_head":"<!-- This site is optimized with the Yoast SEO plugin v27.0 - https:\/\/yoast.com\/product\/yoast-seo-wordpress\/ -->\n<title>AKTUELLES - Festung Regenstein<\/title>\n<meta name=\"robots\" content=\"index, follow, max-snippet:-1, max-image-preview:large, max-video-preview:-1\" \/>\n<link rel=\"canonical\" href=\"https:\/\/denkmal.arctron.de\/festung-regenstein\/aktuelles\/\" \/>\n<meta property=\"og:locale\" content=\"de_DE\" \/>\n<meta property=\"og:type\" content=\"article\" \/>\n<meta property=\"og:title\" content=\"AKTUELLES - Festung Regenstein\" \/>\n<meta property=\"og:description\" content=\"AKTUELLES Wir freuen uns \u00fcber Ihre R\u00fcckmeldung, Anregungen und gerne&hellip;  Weiterlesen\" \/>\n<meta property=\"og:url\" content=\"https:\/\/denkmal.arctron.de\/festung-regenstein\/aktuelles\/\" \/>\n<meta property=\"og:site_name\" content=\"Festung Regenstein\" \/>\n<meta property=\"article:modified_time\" content=\"2021-12-03T14:16:59+00:00\" \/>\n<meta property=\"og:image\" content=\"https:\/\/denkmal.arctron.de\/festung-regenstein\/wp-content\/uploads\/sites\/7\/2021\/09\/Digitale-Reise-in-die-Vergangenheit-961x1024.jpg\" \/>\n<meta name=\"twitter:card\" content=\"summary_large_image\" \/>\n<meta name=\"twitter:label1\" content=\"Gesch\u00e4tzte Lesezeit\" \/>\n\t<meta name=\"twitter:data1\" content=\"1\u00a0Minute\" \/>\n<script type=\"application\/ld+json\" class=\"yoast-schema-graph\">{\"@context\":\"https:\/\/schema.org\",\"@graph\":[{\"@type\":\"WebPage\",\"@id\":\"https:\/\/denkmal.arctron.de\/festung-regenstein\/aktuelles\/\",\"url\":\"https:\/\/denkmal.arctron.de\/festung-regenstein\/aktuelles\/\",\"name\":\"AKTUELLES - Festung Regenstein\",\"isPartOf\":{\"@id\":\"https:\/\/denkmal.arctron.de\/festung-regenstein\/#website\"},\"primaryImageOfPage\":{\"@id\":\"https:\/\/denkmal.arctron.de\/festung-regenstein\/aktuelles\/#primaryimage\"},\"image\":{\"@id\":\"https:\/\/denkmal.arctron.de\/festung-regenstein\/aktuelles\/#primaryimage\"},\"thumbnailUrl\":\"https:\/\/denkmal.arctron.de\/festung-regenstein\/wp-content\/uploads\/sites\/7\/2021\/09\/Digitale-Reise-in-die-Vergangenheit-961x1024.jpg\",\"datePublished\":\"2021-09-09T08:29:35+00:00\",\"dateModified\":\"2021-12-03T14:16:59+00:00\",\"breadcrumb\":{\"@id\":\"https:\/\/denkmal.arctron.de\/festung-regenstein\/aktuelles\/#breadcrumb\"},\"inLanguage\":\"de\",\"potentialAction\":[{\"@type\":\"ReadAction\",\"target\":[\"https:\/\/denkmal.arctron.de\/festung-regenstein\/aktuelles\/\"]}]},{\"@type\":\"ImageObject\",\"inLanguage\":\"de\",\"@id\":\"https:\/\/denkmal.arctron.de\/festung-regenstein\/aktuelles\/#primaryimage\",\"url\":\"https:\/\/denkmal.arctron.de\/festung-regenstein\/wp-content\/uploads\/sites\/7\/2021\/09\/Digitale-Reise-in-die-Vergangenheit-scaled.jpg\",\"contentUrl\":\"https:\/\/denkmal.arctron.de\/festung-regenstein\/wp-content\/uploads\/sites\/7\/2021\/09\/Digitale-Reise-in-die-Vergangenheit-scaled.jpg\",\"width\":2403,\"height\":2560},{\"@type\":\"BreadcrumbList\",\"@id\":\"https:\/\/denkmal.arctron.de\/festung-regenstein\/aktuelles\/#breadcrumb\",\"itemListElement\":[{\"@type\":\"ListItem\",\"position\":1,\"name\":\"Home\",\"item\":\"https:\/\/denkmal.arctron.de\/festung-regenstein\/\"},{\"@type\":\"ListItem\",\"position\":2,\"name\":\"AKTUELLES\"}]},{\"@type\":\"WebSite\",\"@id\":\"https:\/\/denkmal.arctron.de\/festung-regenstein\/#website\",\"url\":\"https:\/\/denkmal.arctron.de\/festung-regenstein\/\",\"name\":\"Festung Regenstein\",\"description\":\"\u00dcbersicht \u00fcber verschiedene Denkmalprojekte\",\"potentialAction\":[{\"@type\":\"SearchAction\",\"target\":{\"@type\":\"EntryPoint\",\"urlTemplate\":\"https:\/\/denkmal.arctron.de\/festung-regenstein\/?s={search_term_string}\"},\"query-input\":{\"@type\":\"PropertyValueSpecification\",\"valueRequired\":true,\"valueName\":\"search_term_string\"}}],\"inLanguage\":\"de\"}]}<\/script>\n<!-- \/ Yoast SEO plugin. -->","yoast_head_json":{"title":"AKTUELLES - Festung Regenstein","robots":{"index":"index","follow":"follow","max-snippet":"max-snippet:-1","max-image-preview":"max-image-preview:large","max-video-preview":"max-video-preview:-1"},"canonical":"https:\/\/denkmal.arctron.de\/festung-regenstein\/aktuelles\/","og_locale":"de_DE","og_type":"article","og_title":"AKTUELLES - Festung Regenstein","og_description":"AKTUELLES Wir freuen uns \u00fcber Ihre R\u00fcckmeldung, Anregungen und gerne&hellip;  Weiterlesen","og_url":"https:\/\/denkmal.arctron.de\/festung-regenstein\/aktuelles\/","og_site_name":"Festung Regenstein","article_modified_time":"2021-12-03T14:16:59+00:00","og_image":[{"url":"https:\/\/denkmal.arctron.de\/festung-regenstein\/wp-content\/uploads\/sites\/7\/2021\/09\/Digitale-Reise-in-die-Vergangenheit-961x1024.jpg","type":"","width":"","height":""}],"twitter_card":"summary_large_image","twitter_misc":{"Gesch\u00e4tzte Lesezeit":"1\u00a0Minute"},"schema":{"@context":"https:\/\/schema.org","@graph":[{"@type":"WebPage","@id":"https:\/\/denkmal.arctron.de\/festung-regenstein\/aktuelles\/","url":"https:\/\/denkmal.arctron.de\/festung-regenstein\/aktuelles\/","name":"AKTUELLES - Festung Regenstein","isPartOf":{"@id":"https:\/\/denkmal.arctron.de\/festung-regenstein\/#website"},"primaryImageOfPage":{"@id":"https:\/\/denkmal.arctron.de\/festung-regenstein\/aktuelles\/#primaryimage"},"image":{"@id":"https:\/\/denkmal.arctron.de\/festung-regenstein\/aktuelles\/#primaryimage"},"thumbnailUrl":"https:\/\/denkmal.arctron.de\/festung-regenstein\/wp-content\/uploads\/sites\/7\/2021\/09\/Digitale-Reise-in-die-Vergangenheit-961x1024.jpg","datePublished":"2021-09-09T08:29:35+00:00","dateModified":"2021-12-03T14:16:59+00:00","breadcrumb":{"@id":"https:\/\/denkmal.arctron.de\/festung-regenstein\/aktuelles\/#breadcrumb"},"inLanguage":"de","potentialAction":[{"@type":"ReadAction","target":["https:\/\/denkmal.arctron.de\/festung-regenstein\/aktuelles\/"]}]},{"@type":"ImageObject","inLanguage":"de","@id":"https:\/\/denkmal.arctron.de\/festung-regenstein\/aktuelles\/#primaryimage","url":"https:\/\/denkmal.arctron.de\/festung-regenstein\/wp-content\/uploads\/sites\/7\/2021\/09\/Digitale-Reise-in-die-Vergangenheit-scaled.jpg","contentUrl":"https:\/\/denkmal.arctron.de\/festung-regenstein\/wp-content\/uploads\/sites\/7\/2021\/09\/Digitale-Reise-in-die-Vergangenheit-scaled.jpg","width":2403,"height":2560},{"@type":"BreadcrumbList","@id":"https:\/\/denkmal.arctron.de\/festung-regenstein\/aktuelles\/#breadcrumb","itemListElement":[{"@type":"ListItem","position":1,"name":"Home","item":"https:\/\/denkmal.arctron.de\/festung-regenstein\/"},{"@type":"ListItem","position":2,"name":"AKTUELLES"}]},{"@type":"WebSite","@id":"https:\/\/denkmal.arctron.de\/festung-regenstein\/#website","url":"https:\/\/denkmal.arctron.de\/festung-regenstein\/","name":"Festung Regenstein","description":"\u00dcbersicht \u00fcber verschiedene Denkmalprojekte","potentialAction":[{"@type":"SearchAction","target":{"@type":"EntryPoint","urlTemplate":"https:\/\/denkmal.arctron.de\/festung-regenstein\/?s={search_term_string}"},"query-input":{"@type":"PropertyValueSpecification","valueRequired":true,"valueName":"search_term_string"}}],"inLanguage":"de"}]}},"_links":{"self":[{"href":"https:\/\/denkmal.arctron.de\/festung-regenstein\/wp-json\/wp\/v2\/pages\/3878","targetHints":{"allow":["GET"]}}],"collection":[{"href":"https:\/\/denkmal.arctron.de\/festung-regenstein\/wp-json\/wp\/v2\/pages"}],"about":[{"href":"https:\/\/denkmal.arctron.de\/festung-regenstein\/wp-json\/wp\/v2\/types\/page"}],"author":[{"embeddable":true,"href":"https:\/\/denkmal.arctron.de\/festung-regenstein\/wp-json\/wp\/v2\/users\/1"}],"replies":[{"embeddable":true,"href":"https:\/\/denkmal.arctron.de\/festung-regenstein\/wp-json\/wp\/v2\/comments?post=3878"}],"version-history":[{"count":55,"href":"https:\/\/denkmal.arctron.de\/festung-regenstein\/wp-json\/wp\/v2\/pages\/3878\/revisions"}],"predecessor-version":[{"id":4184,"href":"https:\/\/denkmal.arctron.de\/festung-regenstein\/wp-json\/wp\/v2\/pages\/3878\/revisions\/4184"}],"wp:attachment":[{"href":"https:\/\/denkmal.arctron.de\/festung-regenstein\/wp-json\/wp\/v2\/media?parent=3878"}],"curies":[{"name":"wp","href":"https:\/\/api.w.org\/{rel}","templated":true}]}}