{"id":17,"date":"2020-08-12T11:11:58","date_gmt":"2020-08-12T09:11:58","guid":{"rendered":"https:\/\/denkmal.arctron.de\/innovative-smart-living\/?page_id=17"},"modified":"2022-04-06T11:52:19","modified_gmt":"2022-04-06T09:52:19","slug":"3d-visualisierung","status":"publish","type":"page","link":"https:\/\/denkmal.arctron.de\/innovative-smart-living\/en\/3d-visualisierung\/","title":{"rendered":"3D visualization"},"content":{"rendered":"\t\t<div data-elementor-type=\"wp-page\" data-elementor-id=\"17\" class=\"elementor elementor-17\" data-elementor-post-type=\"page\">\n\t\t\t\t\t\t<section class=\"elementor-section elementor-top-section elementor-element elementor-element-7d8207e elementor-section-stretched elementor-section-boxed elementor-section-height-default elementor-section-height-default\" data-id=\"7d8207e\" data-element_type=\"section\" data-e-type=\"section\" id=\"home\" data-settings=\"{&quot;stretch_section&quot;:&quot;section-stretched&quot;,&quot;background_background&quot;:&quot;slideshow&quot;,&quot;background_slideshow_gallery&quot;:[{&quot;id&quot;:1718,&quot;url&quot;:&quot;https:\\\/\\\/denkmal.arctron.de\\\/innovative-smart-living\\\/wp-content\\\/uploads\\\/sites\\\/16\\\/2022\\\/02\\\/TinyHouse_3D_random-scaled.jpg&quot;},{&quot;id&quot;:1719,&quot;url&quot;:&quot;https:\\\/\\\/denkmal.arctron.de\\\/innovative-smart-living\\\/wp-content\\\/uploads\\\/sites\\\/16\\\/2022\\\/02\\\/TinyHouse_3D_solid-scaled.jpg&quot;},{&quot;id&quot;:1726,&quot;url&quot;:&quot;https:\\\/\\\/denkmal.arctron.de\\\/innovative-smart-living\\\/wp-content\\\/uploads\\\/sites\\\/16\\\/2022\\\/02\\\/TinyHouse_3D_cycles-scaled.jpg&quot;}],&quot;background_slideshow_transition_duration&quot;:5000,&quot;background_slideshow_loop&quot;:&quot;yes&quot;,&quot;background_slideshow_slide_duration&quot;:5000,&quot;background_slideshow_slide_transition&quot;:&quot;fade&quot;}\">\n\t\t\t\t\t\t\t<div class=\"elementor-background-overlay\"><\/div>\n\t\t\t\t\t\t\t<div class=\"elementor-container elementor-column-gap-default\">\n\t\t\t\t\t<div class=\"elementor-column elementor-col-100 elementor-top-column elementor-element elementor-element-dd2493f\" data-id=\"dd2493f\" data-element_type=\"column\" data-e-type=\"column\">\n\t\t\t<div class=\"elementor-widget-wrap elementor-element-populated\">\n\t\t\t\t\t\t<div class=\"elementor-element elementor-element-74a8923 elementor-widget elementor-widget-heading\" data-id=\"74a8923\" data-element_type=\"widget\" data-e-type=\"widget\" data-widget_type=\"heading.default\">\n\t\t\t\t<div class=\"elementor-widget-container\">\n\t\t\t\t\t<h1 class=\"elementor-heading-title elementor-size-default\">3D-Visualisierung\u200b<\/h1>\t\t\t\t<\/div>\n\t\t\t\t<\/div>\n\t\t\t\t\t<\/div>\n\t\t<\/div>\n\t\t\t\t\t<\/div>\n\t\t<\/section>\n\t\t\t\t<section class=\"elementor-section elementor-top-section elementor-element elementor-element-2e6db04 elementor-section-boxed elementor-section-height-default elementor-section-height-default\" data-id=\"2e6db04\" data-element_type=\"section\" data-e-type=\"section\">\n\t\t\t\t\t\t<div class=\"elementor-container elementor-column-gap-default\">\n\t\t\t\t\t<div class=\"elementor-column elementor-col-100 elementor-top-column elementor-element elementor-element-afeb909\" data-id=\"afeb909\" data-element_type=\"column\" data-e-type=\"column\">\n\t\t\t<div class=\"elementor-widget-wrap elementor-element-populated\">\n\t\t\t\t\t\t<div class=\"elementor-element elementor-element-190121c elementor-widget elementor-widget-menu-anchor\" data-id=\"190121c\" data-element_type=\"widget\" data-e-type=\"widget\" data-widget_type=\"menu-anchor.default\">\n\t\t\t\t<div class=\"elementor-widget-container\">\n\t\t\t\t\t\t\t<div class=\"elementor-menu-anchor\" id=\"vermessung\"><\/div>\n\t\t\t\t\t\t<\/div>\n\t\t\t\t<\/div>\n\t\t\t\t<div class=\"elementor-element elementor-element-76e34bd elementor-widget elementor-widget-image\" data-id=\"76e34bd\" data-element_type=\"widget\" data-e-type=\"widget\" data-widget_type=\"image.default\">\n\t\t\t\t<div class=\"elementor-widget-container\">\n\t\t\t\t\t\t\t\t\t\t\t\t\t\t\t\t<a href=\"#vermessung\">\n\t\t\t\t\t\t\t<img decoding=\"async\" width=\"297\" height=\"35\" src=\"https:\/\/denkmal.arctron.de\/innovative-smart-living\/wp-content\/uploads\/sites\/16\/2020\/08\/raven-downBTN.png\" class=\"attachment-full size-full wp-image-169\" alt=\"\" \/>\t\t\t\t\t\t\t\t<\/a>\n\t\t\t\t\t\t\t\t\t\t\t\t\t\t\t<\/div>\n\t\t\t\t<\/div>\n\t\t\t\t\t<\/div>\n\t\t<\/div>\n\t\t\t\t\t<\/div>\n\t\t<\/section>\n\t\t\t\t<section class=\"elementor-section elementor-top-section elementor-element elementor-element-646d660 elementor-section-boxed elementor-section-height-default elementor-section-height-default\" data-id=\"646d660\" data-element_type=\"section\" data-e-type=\"section\">\n\t\t\t\t\t\t<div class=\"elementor-container elementor-column-gap-default\">\n\t\t\t\t\t<div class=\"elementor-column elementor-col-100 elementor-top-column elementor-element elementor-element-54e9fe9\" data-id=\"54e9fe9\" data-element_type=\"column\" data-e-type=\"column\">\n\t\t\t<div class=\"elementor-widget-wrap elementor-element-populated\">\n\t\t\t\t\t\t<div class=\"elementor-element elementor-element-0553ebc elementor-widget elementor-widget-heading\" data-id=\"0553ebc\" data-element_type=\"widget\" data-e-type=\"widget\" data-widget_type=\"heading.default\">\n\t\t\t\t<div class=\"elementor-widget-container\">\n\t\t\t\t\t<h2 class=\"elementor-heading-title elementor-size-default\">Ihr Projekt ... vollst\u00e4ndig visualisiert in 3D<\/h2>\t\t\t\t<\/div>\n\t\t\t\t<\/div>\n\t\t\t\t\t<\/div>\n\t\t<\/div>\n\t\t\t\t\t<\/div>\n\t\t<\/section>\n\t\t\t\t<section class=\"elementor-section elementor-top-section elementor-element elementor-element-04c764f elementor-section-boxed elementor-section-height-default elementor-section-height-default\" data-id=\"04c764f\" data-element_type=\"section\" data-e-type=\"section\">\n\t\t\t\t\t\t<div class=\"elementor-container elementor-column-gap-default\">\n\t\t\t\t\t<div class=\"elementor-column elementor-col-50 elementor-top-column elementor-element elementor-element-b8f1fa4\" data-id=\"b8f1fa4\" data-element_type=\"column\" data-e-type=\"column\">\n\t\t\t<div class=\"elementor-widget-wrap elementor-element-populated\">\n\t\t\t\t\t\t<div class=\"elementor-element elementor-element-8b0a2bc elementor-widget elementor-widget-text-editor\" data-id=\"8b0a2bc\" data-element_type=\"widget\" data-e-type=\"widget\" data-widget_type=\"text-editor.default\">\n\t\t\t\t<div class=\"elementor-widget-container\">\n\t\t\t\t\t\t\t\t\t<p>Eine detaillierte gemeinsame Bedarfsermittlung und unsere anschlie\u00dfende Umsetzung in Form einer 3D-Visualisierung erm\u00f6glichen hochoptimierte und problemlos erweiterbare und individualisierte Produkte!<\/p><p>Eine Technik-Upgrade Option ist in Planung und wird neben einem Service-Paket angeboten werden! Unsere umfassende Produktbegleitung und der After-Sales-Service sorgen f\u00fcr zufriedene Kunden und eine st\u00e4ndige Weiterentwicklung unserer Angebote.<\/p>\t\t\t\t\t\t\t\t<\/div>\n\t\t\t\t<\/div>\n\t\t\t\t\t<\/div>\n\t\t<\/div>\n\t\t\t\t<div class=\"elementor-column elementor-col-50 elementor-top-column elementor-element elementor-element-a420b93\" data-id=\"a420b93\" data-element_type=\"column\" data-e-type=\"column\">\n\t\t\t<div class=\"elementor-widget-wrap\">\n\t\t\t\t\t\t\t<\/div>\n\t\t<\/div>\n\t\t\t\t\t<\/div>\n\t\t<\/section>\n\t\t\t\t<section class=\"elementor-section elementor-top-section elementor-element elementor-element-c7020dc elementor-section-boxed elementor-section-height-default elementor-section-height-default\" data-id=\"c7020dc\" data-element_type=\"section\" data-e-type=\"section\">\n\t\t\t\t\t\t<div class=\"elementor-container elementor-column-gap-default\">\n\t\t\t\t\t<div class=\"elementor-column elementor-col-100 elementor-top-column elementor-element elementor-element-4a2e8f2\" data-id=\"4a2e8f2\" data-element_type=\"column\" data-e-type=\"column\">\n\t\t\t<div class=\"elementor-widget-wrap elementor-element-populated\">\n\t\t\t\t\t\t<div class=\"elementor-element elementor-element-9e82392 elementor-widget elementor-widget-heading\" data-id=\"9e82392\" data-element_type=\"widget\" data-e-type=\"widget\" data-widget_type=\"heading.default\">\n\t\t\t\t<div class=\"elementor-widget-container\">\n\t\t\t\t\t<h2 class=\"elementor-heading-title elementor-size-default\">3D visualisieren ... Kosten sparen<\/h2>\t\t\t\t<\/div>\n\t\t\t\t<\/div>\n\t\t\t\t<div class=\"elementor-element elementor-element-6819efb elementor-widget elementor-widget-text-editor\" data-id=\"6819efb\" data-element_type=\"widget\" data-e-type=\"widget\" data-widget_type=\"text-editor.default\">\n\t\t\t\t<div class=\"elementor-widget-container\">\n\t\t\t\t\t\t\t\t\t<p>Je nach Lage und Ausrichtung des Grundst\u00fcckes (Geodaten) werden die, von Ihnen im 3D-Konfigurator ausgew\u00e4hlten Module f\u00fcr Haus, Energie, Wasser und eventuell auch die optionale Aquaponik virtuell&nbsp;<span style=\"color: var( --e-global-color-text ); word-spacing: normal;\">in 3D<\/span><span style=\"color: var( --e-global-color-text ); word-spacing: normal;\">&nbsp;<\/span><span style=\"color: var( --e-global-color-text ); word-spacing: normal;\">nach Ihren Vorgaben konstruiert und k\u00f6nnen danach am Rechner aber z. B. auch in der Virtual Reality (VR) besichtigt werden. So haben Sie einen detaillierten Einblick in die Umsetzung und sparen in der Planungsphase Kosten!<\/span><\/p>\n<p>Aus der 3D-Visualisierung entsteht sp\u00e4ter eine St\u00fcckliste aller ben\u00f6tigten Materialien, welche direkt und individuell konfiguriert und bestellt werden k\u00f6nnen.<\/p>\t\t\t\t\t\t\t\t<\/div>\n\t\t\t\t<\/div>\n\t\t\t\t\t<\/div>\n\t\t<\/div>\n\t\t\t\t\t<\/div>\n\t\t<\/section>\n\t\t\t\t<section class=\"elementor-section elementor-top-section elementor-element elementor-element-bc3a9a7 elementor-section-boxed elementor-section-height-default elementor-section-height-default\" data-id=\"bc3a9a7\" data-element_type=\"section\" data-e-type=\"section\">\n\t\t\t\t\t\t<div class=\"elementor-container elementor-column-gap-default\">\n\t\t\t\t\t<div class=\"elementor-column elementor-col-100 elementor-top-column elementor-element elementor-element-b882901\" data-id=\"b882901\" data-element_type=\"column\" data-e-type=\"column\">\n\t\t\t<div class=\"elementor-widget-wrap elementor-element-populated\">\n\t\t\t\t\t\t<div class=\"elementor-element elementor-element-40b2052 elementor-widget elementor-widget-heading\" data-id=\"40b2052\" data-element_type=\"widget\" data-e-type=\"widget\" data-widget_type=\"heading.default\">\n\t\t\t\t<div class=\"elementor-widget-container\">\n\t\t\t\t\t<h2 class=\"elementor-heading-title elementor-size-default\">3D-Konfigurator<\/h2>\t\t\t\t<\/div>\n\t\t\t\t<\/div>\n\t\t\t\t<div class=\"elementor-element elementor-element-77c2314 elementor-widget elementor-widget-text-editor\" data-id=\"77c2314\" data-element_type=\"widget\" data-e-type=\"widget\" data-widget_type=\"text-editor.default\">\n\t\t\t\t<div class=\"elementor-widget-container\">\n\t\t\t\t\t\t\t\t\t<p>Momentan findet die detaillierte 3D-Konfiguration Ihres Projektes im Rahmen einer umfassenden Projekt- und Kaufberatung statt. Sie w\u00e4hlen in diesem Rahmen die diversen Module und Materialien aus und wir erstellen Ihnen eine detaillierte 3D-Visualisierung!<br \/><br \/><\/p><p>Wir arbeiten au\u00dferdem an einem umfassenden Online Konfigurations-Tool und einer entsprechenden Modul- und Materialien-Datenbank.\u00a0<span style=\"color: var( --e-global-color-text ); word-spacing: normal;\">So soll es zuk\u00fcnftig m\u00f6glich werden, Ihr Projekt bereits auf unserer Homepage individuell und im Detail auszustatten.<\/span><\/p>\t\t\t\t\t\t\t\t<\/div>\n\t\t\t\t<\/div>\n\t\t\t\t<div class=\"elementor-element elementor-element-eda4ce0 elementor-widget elementor-widget-shortcode\" data-id=\"eda4ce0\" data-element_type=\"widget\" data-e-type=\"widget\" data-widget_type=\"shortcode.default\">\n\t\t\t\t<div class=\"elementor-widget-container\">\n\t\t\t\t\t\t\t<div class=\"elementor-shortcode\"><div class=\"sketchfab-embed-wrapper\"> <iframe title=\"Tiny House Backed\" frameborder=\"0\" allowfullscreen mozallowfullscreen=\"true\" webkitallowfullscreen=\"true\" allow=\"autoplay; fullscreen; xr-spatial-tracking\" xr-spatial-tracking execution-while-out-of-viewport execution-while-not-rendered web-share width=\"640\" height=\"480\" src=\"https:\/\/sketchfab.com\/models\/19f21ec89366439688ac0a58e3f38bc7\/embed?transparent=1&ui_infos=0&ui_inspector=0&ui_watermark_link=0&ui_watermark=0&ui_vr=0\"> <\/iframe> <\/div><\/div>\n\t\t\t\t\t\t<\/div>\n\t\t\t\t<\/div>\n\t\t\t\t<div class=\"elementor-element elementor-element-63c69ff elementor-widget elementor-widget-menu-anchor\" data-id=\"63c69ff\" data-element_type=\"widget\" data-e-type=\"widget\" data-widget_type=\"menu-anchor.default\">\n\t\t\t\t<div class=\"elementor-widget-container\">\n\t\t\t\t\t\t\t<div class=\"elementor-menu-anchor\" id=\"kontakt\"><\/div>\n\t\t\t\t\t\t<\/div>\n\t\t\t\t<\/div>\n\t\t\t\t\t<\/div>\n\t\t<\/div>\n\t\t\t\t\t<\/div>\n\t\t<\/section>\n\t\t\t\t<\/div>\n\t\t","protected":false},"excerpt":{"rendered":"<p>3D-Visualisierung\u200b Ihr Projekt &#8230; vollst\u00e4ndig visualisiert in 3D Eine detaillierte&hellip;<\/p>\n<p> <a class=\"more-link\" href=\"https:\/\/denkmal.arctron.de\/innovative-smart-living\/en\/3d-visualisierung\/\">Read more<\/a><\/p>","protected":false},"author":1,"featured_media":0,"parent":0,"menu_order":0,"comment_status":"closed","ping_status":"closed","template":"elementor_header_footer","meta":{"footnotes":""},"class_list":["post-17","page","type-page","status-publish"],"yoast_head":"<!-- This site is optimized with the Yoast SEO plugin v27.0 - https:\/\/yoast.com\/product\/yoast-seo-wordpress\/ -->\n<title>3D-Visualisierung - innovative smart living<\/title>\n<meta name=\"description\" content=\"Historisches Erbe trifft auf moderne Technik. 3D-Vermessung St. \u00c4gidiuskirche. Laserscanning, UAV-Befliegung, Photogrammetrie; Multimedia\" \/>\n<meta name=\"robots\" content=\"index, follow, max-snippet:-1, max-image-preview:large, max-video-preview:-1\" \/>\n<link rel=\"canonical\" href=\"https:\/\/denkmal.arctron.de\/innovative-smart-living\/en\/3d-visualisierung\/\" \/>\n<meta property=\"og:locale\" content=\"en_GB\" \/>\n<meta property=\"og:type\" content=\"article\" \/>\n<meta property=\"og:title\" content=\"3D-Visualisierung - innovative smart living\" \/>\n<meta property=\"og:description\" content=\"Historisches Erbe trifft auf moderne Technik. 3D-Vermessung St. \u00c4gidiuskirche. Laserscanning, UAV-Befliegung, Photogrammetrie; Multimedia\" \/>\n<meta property=\"og:url\" content=\"https:\/\/denkmal.arctron.de\/innovative-smart-living\/en\/3d-visualisierung\/\" \/>\n<meta property=\"og:site_name\" content=\"innovative smart living\" \/>\n<meta property=\"article:modified_time\" content=\"2022-04-06T09:52:19+00:00\" \/>\n<meta property=\"og:image\" content=\"https:\/\/denkmal.arctron.de\/innovative-smart-living\/wp-content\/uploads\/sites\/16\/2020\/08\/raven-downBTN.png\" \/>\n<meta name=\"twitter:card\" content=\"summary_large_image\" \/>\n<meta name=\"twitter:label1\" content=\"Estimated reading time\" \/>\n\t<meta name=\"twitter:data1\" content=\"2 minutes\" \/>\n<script type=\"application\/ld+json\" class=\"yoast-schema-graph\">{\"@context\":\"https:\/\/schema.org\",\"@graph\":[{\"@type\":\"WebPage\",\"@id\":\"https:\/\/denkmal.arctron.de\/innovative-smart-living\/3d-visualisierung\/\",\"url\":\"https:\/\/denkmal.arctron.de\/innovative-smart-living\/3d-visualisierung\/\",\"name\":\"3D-Visualisierung - innovative smart living\",\"isPartOf\":{\"@id\":\"https:\/\/denkmal.arctron.de\/innovative-smart-living\/#website\"},\"primaryImageOfPage\":{\"@id\":\"https:\/\/denkmal.arctron.de\/innovative-smart-living\/3d-visualisierung\/#primaryimage\"},\"image\":{\"@id\":\"https:\/\/denkmal.arctron.de\/innovative-smart-living\/3d-visualisierung\/#primaryimage\"},\"thumbnailUrl\":\"https:\/\/denkmal.arctron.de\/innovative-smart-living\/wp-content\/uploads\/sites\/16\/2020\/08\/raven-downBTN.png\",\"datePublished\":\"2020-08-12T09:11:58+00:00\",\"dateModified\":\"2022-04-06T09:52:19+00:00\",\"description\":\"Historisches Erbe trifft auf moderne Technik. 3D-Vermessung St. \u00c4gidiuskirche. Laserscanning, UAV-Befliegung, Photogrammetrie; Multimedia\",\"breadcrumb\":{\"@id\":\"https:\/\/denkmal.arctron.de\/innovative-smart-living\/3d-visualisierung\/#breadcrumb\"},\"inLanguage\":\"en-GB\",\"potentialAction\":[{\"@type\":\"ReadAction\",\"target\":[\"https:\/\/denkmal.arctron.de\/innovative-smart-living\/3d-visualisierung\/\"]}]},{\"@type\":\"ImageObject\",\"inLanguage\":\"en-GB\",\"@id\":\"https:\/\/denkmal.arctron.de\/innovative-smart-living\/3d-visualisierung\/#primaryimage\",\"url\":\"https:\/\/denkmal.arctron.de\/innovative-smart-living\/wp-content\/uploads\/sites\/16\/2020\/08\/raven-downBTN.png\",\"contentUrl\":\"https:\/\/denkmal.arctron.de\/innovative-smart-living\/wp-content\/uploads\/sites\/16\/2020\/08\/raven-downBTN.png\"},{\"@type\":\"BreadcrumbList\",\"@id\":\"https:\/\/denkmal.arctron.de\/innovative-smart-living\/3d-visualisierung\/#breadcrumb\",\"itemListElement\":[{\"@type\":\"ListItem\",\"position\":1,\"name\":\"Home\",\"item\":\"https:\/\/denkmal.arctron.de\/innovative-smart-living\/\"},{\"@type\":\"ListItem\",\"position\":2,\"name\":\"3D-Visualisierung\"}]},{\"@type\":\"WebSite\",\"@id\":\"https:\/\/denkmal.arctron.de\/innovative-smart-living\/#website\",\"url\":\"https:\/\/denkmal.arctron.de\/innovative-smart-living\/\",\"name\":\"innovative smart living\",\"description\":\"\",\"potentialAction\":[{\"@type\":\"SearchAction\",\"target\":{\"@type\":\"EntryPoint\",\"urlTemplate\":\"https:\/\/denkmal.arctron.de\/innovative-smart-living\/?s={search_term_string}\"},\"query-input\":{\"@type\":\"PropertyValueSpecification\",\"valueRequired\":true,\"valueName\":\"search_term_string\"}}],\"inLanguage\":\"en-GB\"}]}<\/script>\n<!-- \/ Yoast SEO plugin. -->","yoast_head_json":{"title":"3D-Visualisierung - innovative smart living","description":"Historisches Erbe trifft auf moderne Technik. 3D-Vermessung St. \u00c4gidiuskirche. Laserscanning, UAV-Befliegung, Photogrammetrie; Multimedia","robots":{"index":"index","follow":"follow","max-snippet":"max-snippet:-1","max-image-preview":"max-image-preview:large","max-video-preview":"max-video-preview:-1"},"canonical":"https:\/\/denkmal.arctron.de\/innovative-smart-living\/en\/3d-visualisierung\/","og_locale":"en_GB","og_type":"article","og_title":"3D-Visualisierung - innovative smart living","og_description":"Historisches Erbe trifft auf moderne Technik. 3D-Vermessung St. \u00c4gidiuskirche. Laserscanning, UAV-Befliegung, Photogrammetrie; Multimedia","og_url":"https:\/\/denkmal.arctron.de\/innovative-smart-living\/en\/3d-visualisierung\/","og_site_name":"innovative smart living","article_modified_time":"2022-04-06T09:52:19+00:00","og_image":[{"url":"https:\/\/denkmal.arctron.de\/innovative-smart-living\/wp-content\/uploads\/sites\/16\/2020\/08\/raven-downBTN.png","type":"","width":"","height":""}],"twitter_card":"summary_large_image","twitter_misc":{"Estimated reading time":"2 minutes"},"schema":{"@context":"https:\/\/schema.org","@graph":[{"@type":"WebPage","@id":"https:\/\/denkmal.arctron.de\/innovative-smart-living\/3d-visualisierung\/","url":"https:\/\/denkmal.arctron.de\/innovative-smart-living\/3d-visualisierung\/","name":"3D-Visualisierung - innovative smart living","isPartOf":{"@id":"https:\/\/denkmal.arctron.de\/innovative-smart-living\/#website"},"primaryImageOfPage":{"@id":"https:\/\/denkmal.arctron.de\/innovative-smart-living\/3d-visualisierung\/#primaryimage"},"image":{"@id":"https:\/\/denkmal.arctron.de\/innovative-smart-living\/3d-visualisierung\/#primaryimage"},"thumbnailUrl":"https:\/\/denkmal.arctron.de\/innovative-smart-living\/wp-content\/uploads\/sites\/16\/2020\/08\/raven-downBTN.png","datePublished":"2020-08-12T09:11:58+00:00","dateModified":"2022-04-06T09:52:19+00:00","description":"Historisches Erbe trifft auf moderne Technik. 3D-Vermessung St. \u00c4gidiuskirche. Laserscanning, UAV-Befliegung, Photogrammetrie; Multimedia","breadcrumb":{"@id":"https:\/\/denkmal.arctron.de\/innovative-smart-living\/3d-visualisierung\/#breadcrumb"},"inLanguage":"en-GB","potentialAction":[{"@type":"ReadAction","target":["https:\/\/denkmal.arctron.de\/innovative-smart-living\/3d-visualisierung\/"]}]},{"@type":"ImageObject","inLanguage":"en-GB","@id":"https:\/\/denkmal.arctron.de\/innovative-smart-living\/3d-visualisierung\/#primaryimage","url":"https:\/\/denkmal.arctron.de\/innovative-smart-living\/wp-content\/uploads\/sites\/16\/2020\/08\/raven-downBTN.png","contentUrl":"https:\/\/denkmal.arctron.de\/innovative-smart-living\/wp-content\/uploads\/sites\/16\/2020\/08\/raven-downBTN.png"},{"@type":"BreadcrumbList","@id":"https:\/\/denkmal.arctron.de\/innovative-smart-living\/3d-visualisierung\/#breadcrumb","itemListElement":[{"@type":"ListItem","position":1,"name":"Home","item":"https:\/\/denkmal.arctron.de\/innovative-smart-living\/"},{"@type":"ListItem","position":2,"name":"3D-Visualisierung"}]},{"@type":"WebSite","@id":"https:\/\/denkmal.arctron.de\/innovative-smart-living\/#website","url":"https:\/\/denkmal.arctron.de\/innovative-smart-living\/","name":"innovative intelligent living","description":"","potentialAction":[{"@type":"SearchAction","target":{"@type":"EntryPoint","urlTemplate":"https:\/\/denkmal.arctron.de\/innovative-smart-living\/?s={search_term_string}"},"query-input":{"@type":"PropertyValueSpecification","valueRequired":true,"valueName":"search_term_string"}}],"inLanguage":"en-GB"}]}},"_links":{"self":[{"href":"https:\/\/denkmal.arctron.de\/innovative-smart-living\/en\/wp-json\/wp\/v2\/pages\/17","targetHints":{"allow":["GET"]}}],"collection":[{"href":"https:\/\/denkmal.arctron.de\/innovative-smart-living\/en\/wp-json\/wp\/v2\/pages"}],"about":[{"href":"https:\/\/denkmal.arctron.de\/innovative-smart-living\/en\/wp-json\/wp\/v2\/types\/page"}],"author":[{"embeddable":true,"href":"https:\/\/denkmal.arctron.de\/innovative-smart-living\/en\/wp-json\/wp\/v2\/users\/1"}],"replies":[{"embeddable":true,"href":"https:\/\/denkmal.arctron.de\/innovative-smart-living\/en\/wp-json\/wp\/v2\/comments?post=17"}],"version-history":[{"count":475,"href":"https:\/\/denkmal.arctron.de\/innovative-smart-living\/en\/wp-json\/wp\/v2\/pages\/17\/revisions"}],"predecessor-version":[{"id":1882,"href":"https:\/\/denkmal.arctron.de\/innovative-smart-living\/en\/wp-json\/wp\/v2\/pages\/17\/revisions\/1882"}],"wp:attachment":[{"href":"https:\/\/denkmal.arctron.de\/innovative-smart-living\/en\/wp-json\/wp\/v2\/media?parent=17"}],"curies":[{"name":"wp","href":"https:\/\/api.w.org\/{rel}","templated":true}]}}