{"id":1590,"date":"2021-06-22T08:55:53","date_gmt":"2021-06-22T06:55:53","guid":{"rendered":"https:\/\/denkmal.arctron.de\/koenigstein\/?page_id=1590"},"modified":"2022-07-05T07:56:53","modified_gmt":"2022-07-05T05:56:53","slug":"app","status":"publish","type":"page","link":"https:\/\/denkmal.arctron.de\/koenigstein\/app\/","title":{"rendered":"APP"},"content":{"rendered":"\t\t<div data-elementor-type=\"wp-page\" data-elementor-id=\"1590\" class=\"elementor elementor-1590\" data-elementor-post-type=\"page\">\n\t\t\t\t\t\t<section class=\"elementor-section elementor-top-section elementor-element elementor-element-572f79d elementor-section-stretched elementor-section-boxed elementor-section-height-default elementor-section-height-default\" data-id=\"572f79d\" data-element_type=\"section\" data-e-type=\"section\" data-settings=\"{&quot;stretch_section&quot;:&quot;section-stretched&quot;,&quot;background_background&quot;:&quot;classic&quot;}\">\n\t\t\t\t\t\t\t<div class=\"elementor-background-overlay\"><\/div>\n\t\t\t\t\t\t\t<div class=\"elementor-container elementor-column-gap-default\">\n\t\t\t\t\t<div class=\"elementor-column elementor-col-100 elementor-top-column elementor-element elementor-element-8845f14\" data-id=\"8845f14\" data-element_type=\"column\" data-e-type=\"column\">\n\t\t\t<div class=\"elementor-widget-wrap elementor-element-populated\">\n\t\t\t\t\t\t<div class=\"elementor-element elementor-element-158d5bb elementor-widget elementor-widget-spacer\" data-id=\"158d5bb\" data-element_type=\"widget\" data-e-type=\"widget\" data-widget_type=\"spacer.default\">\n\t\t\t\t<div class=\"elementor-widget-container\">\n\t\t\t\t\t\t\t<div class=\"elementor-spacer\">\n\t\t\t<div class=\"elementor-spacer-inner\"><\/div>\n\t\t<\/div>\n\t\t\t\t\t\t<\/div>\n\t\t\t\t<\/div>\n\t\t\t\t<div class=\"elementor-element elementor-element-3068260 elementor-widget elementor-widget-heading\" data-id=\"3068260\" data-element_type=\"widget\" data-e-type=\"widget\" data-widget_type=\"heading.default\">\n\t\t\t\t<div class=\"elementor-widget-container\">\n\t\t\t\t\t<p class=\"elementor-heading-title elementor-size-default\">Augmented Reality APP<\/p>\t\t\t\t<\/div>\n\t\t\t\t<\/div>\n\t\t\t\t\t<\/div>\n\t\t<\/div>\n\t\t\t\t\t<\/div>\n\t\t<\/section>\n\t\t\t\t<section class=\"elementor-section elementor-top-section elementor-element elementor-element-cb9aea4 elementor-section-boxed elementor-section-height-default elementor-section-height-default\" data-id=\"cb9aea4\" data-element_type=\"section\" data-e-type=\"section\" data-settings=\"{&quot;background_background&quot;:&quot;classic&quot;}\">\n\t\t\t\t\t\t\t<div class=\"elementor-background-overlay\"><\/div>\n\t\t\t\t\t\t\t<div class=\"elementor-container elementor-column-gap-default\">\n\t\t\t\t\t<div class=\"elementor-column elementor-col-100 elementor-top-column elementor-element elementor-element-877d5f2\" data-id=\"877d5f2\" data-element_type=\"column\" data-e-type=\"column\" data-settings=\"{&quot;background_background&quot;:&quot;classic&quot;}\">\n\t\t\t<div class=\"elementor-widget-wrap elementor-element-populated\">\n\t\t\t\t\t\t<div class=\"elementor-element elementor-element-e2c5757 elementor-invisible elementor-widget elementor-widget-heading\" data-id=\"e2c5757\" data-element_type=\"widget\" data-e-type=\"widget\" data-settings=\"{&quot;_animation&quot;:&quot;fadeInUp&quot;}\" data-widget_type=\"heading.default\">\n\t\t\t\t<div class=\"elementor-widget-container\">\n\t\t\t\t\t<div class=\"elementor-heading-title elementor-size-default\">DEMO APP Webseite\n<\/div>\t\t\t\t<\/div>\n\t\t\t\t<\/div>\n\t\t\t\t\t<\/div>\n\t\t<\/div>\n\t\t\t\t\t<\/div>\n\t\t<\/section>\n\t\t\t\t<section class=\"elementor-section elementor-top-section elementor-element elementor-element-5f7f38b elementor-section-boxed elementor-section-height-default elementor-section-height-default\" data-id=\"5f7f38b\" data-element_type=\"section\" data-e-type=\"section\" data-settings=\"{&quot;background_background&quot;:&quot;classic&quot;}\">\n\t\t\t\t\t\t\t<div class=\"elementor-background-overlay\"><\/div>\n\t\t\t\t\t\t\t<div class=\"elementor-container elementor-column-gap-default\">\n\t\t\t\t\t<div class=\"elementor-column elementor-col-50 elementor-top-column elementor-element elementor-element-35d5a91\" data-id=\"35d5a91\" data-element_type=\"column\" data-e-type=\"column\" data-settings=\"{&quot;background_background&quot;:&quot;classic&quot;}\">\n\t\t\t<div class=\"elementor-widget-wrap elementor-element-populated\">\n\t\t\t\t\t\t<div class=\"elementor-element elementor-element-f951b55 elementor-invisible elementor-widget elementor-widget-heading\" data-id=\"f951b55\" data-element_type=\"widget\" data-e-type=\"widget\" data-settings=\"{&quot;_animation&quot;:&quot;fadeInUp&quot;}\" data-widget_type=\"heading.default\">\n\t\t\t\t<div class=\"elementor-widget-container\">\n\t\t\t\t\t<div class=\"elementor-heading-title elementor-size-default\">\u00dcber die APP<\/div>\t\t\t\t<\/div>\n\t\t\t\t<\/div>\n\t\t\t\t<div class=\"elementor-element elementor-element-d22383f elementor-invisible elementor-widget elementor-widget-text-editor\" data-id=\"d22383f\" data-element_type=\"widget\" data-e-type=\"widget\" data-settings=\"{&quot;_animation&quot;:&quot;fadeInUp&quot;}\" data-widget_type=\"text-editor.default\">\n\t\t\t\t<div class=\"elementor-widget-container\">\n\t\t\t\t\t\t\t\t\t<p>Auf dieser Seite k\u00f6nnen Sie sich die Festung K\u00f6nigstein APP herunterladen. Nur mit dieser Anwendung erleben Sie die Augmented Reality (kurz AR) Inhalte von der Festung K\u00f6nigstein.<\/p>\t\t\t\t\t\t\t\t<\/div>\n\t\t\t\t<\/div>\n\t\t\t\t\t<\/div>\n\t\t<\/div>\n\t\t\t\t<div class=\"elementor-column elementor-col-50 elementor-top-column elementor-element elementor-element-d7a83bd\" data-id=\"d7a83bd\" data-element_type=\"column\" data-e-type=\"column\" data-settings=\"{&quot;background_background&quot;:&quot;classic&quot;}\">\n\t\t\t<div class=\"elementor-widget-wrap elementor-element-populated\">\n\t\t\t\t\t\t<div class=\"elementor-element elementor-element-ff149d9 elementor-invisible elementor-widget elementor-widget-heading\" data-id=\"ff149d9\" data-element_type=\"widget\" data-e-type=\"widget\" data-settings=\"{&quot;_animation&quot;:&quot;fadeInUp&quot;}\" data-widget_type=\"heading.default\">\n\t\t\t\t<div class=\"elementor-widget-container\">\n\t\t\t\t\t<div class=\"elementor-heading-title elementor-size-default\">Anleitung<\/div>\t\t\t\t<\/div>\n\t\t\t\t<\/div>\n\t\t\t\t<div class=\"elementor-element elementor-element-2de28c2 elementor-invisible elementor-widget elementor-widget-text-editor\" data-id=\"2de28c2\" data-element_type=\"widget\" data-e-type=\"widget\" data-settings=\"{&quot;_animation&quot;:&quot;fadeInUp&quot;}\" data-widget_type=\"text-editor.default\">\n\t\t\t\t<div class=\"elementor-widget-container\">\n\t\t\t\t\t\t\t\t\t<ol><li>APP herunterladen und starten<\/li><li>suchen Sie einen Infopunkt mit QR-Code<\/li><li>Handykamera auf das QR-Code halten<\/li><\/ol>\t\t\t\t\t\t\t\t<\/div>\n\t\t\t\t<\/div>\n\t\t\t\t\t<\/div>\n\t\t<\/div>\n\t\t\t\t\t<\/div>\n\t\t<\/section>\n\t\t\t\t<section class=\"elementor-section elementor-top-section elementor-element elementor-element-45ddc0a elementor-section-boxed elementor-section-height-default elementor-section-height-default\" data-id=\"45ddc0a\" data-element_type=\"section\" data-e-type=\"section\" data-settings=\"{&quot;background_background&quot;:&quot;classic&quot;}\">\n\t\t\t\t\t\t\t<div class=\"elementor-background-overlay\"><\/div>\n\t\t\t\t\t\t\t<div class=\"elementor-container elementor-column-gap-default\">\n\t\t\t\t\t<div class=\"elementor-column elementor-col-50 elementor-top-column elementor-element elementor-element-af458ba\" data-id=\"af458ba\" data-element_type=\"column\" data-e-type=\"column\" data-settings=\"{&quot;background_background&quot;:&quot;classic&quot;}\">\n\t\t\t<div class=\"elementor-widget-wrap elementor-element-populated\">\n\t\t\t\t\t\t<div class=\"elementor-element elementor-element-b85163c elementor-invisible elementor-widget elementor-widget-heading\" data-id=\"b85163c\" data-element_type=\"widget\" data-e-type=\"widget\" data-settings=\"{&quot;_animation&quot;:&quot;fadeInUp&quot;}\" data-widget_type=\"heading.default\">\n\t\t\t\t<div class=\"elementor-widget-container\">\n\t\t\t\t\t<div class=\"elementor-heading-title elementor-size-default\">Android Download<\/div>\t\t\t\t<\/div>\n\t\t\t\t<\/div>\n\t\t\t\t<div class=\"elementor-element elementor-element-b5d1e0c elementor-invisible elementor-widget elementor-widget-text-editor\" data-id=\"b5d1e0c\" data-element_type=\"widget\" data-e-type=\"widget\" data-settings=\"{&quot;_animation&quot;:&quot;fadeInUp&quot;}\" data-widget_type=\"text-editor.default\">\n\t\t\t\t<div class=\"elementor-widget-container\">\n\t\t\t\t\t\t\t\t\t<p>Scannen Sie den QR-Code mit Ihrem Smartphone ein oder verwenden Sie den Download Button.<\/p>\t\t\t\t\t\t\t\t<\/div>\n\t\t\t\t<\/div>\n\t\t\t\t<div class=\"elementor-element elementor-element-c522bd5 elementor-align-center elementor-widget elementor-widget-button\" data-id=\"c522bd5\" data-element_type=\"widget\" data-e-type=\"widget\" data-widget_type=\"button.default\">\n\t\t\t\t<div class=\"elementor-widget-container\">\n\t\t\t\t\t\t\t\t\t<div class=\"elementor-button-wrapper\">\n\t\t\t\t\t<a class=\"elementor-button elementor-size-lg elementor-animation-grow\" role=\"button\">\n\t\t\t\t\t\t<span class=\"elementor-button-content-wrapper\">\n\t\t\t\t\t\t\t\t\t<span class=\"elementor-button-text\">zum Download<\/span>\n\t\t\t\t\t<\/span>\n\t\t\t\t\t<\/a>\n\t\t\t\t<\/div>\n\t\t\t\t\t\t\t\t<\/div>\n\t\t\t\t<\/div>\n\t\t\t\t\t<\/div>\n\t\t<\/div>\n\t\t\t\t<div class=\"elementor-column elementor-col-50 elementor-top-column elementor-element elementor-element-d9d0898\" data-id=\"d9d0898\" data-element_type=\"column\" data-e-type=\"column\" data-settings=\"{&quot;background_background&quot;:&quot;classic&quot;}\">\n\t\t\t<div class=\"elementor-widget-wrap elementor-element-populated\">\n\t\t\t\t\t\t<div class=\"elementor-element elementor-element-2edf053 elementor-invisible elementor-widget elementor-widget-heading\" data-id=\"2edf053\" data-element_type=\"widget\" data-e-type=\"widget\" data-settings=\"{&quot;_animation&quot;:&quot;fadeInUp&quot;}\" data-widget_type=\"heading.default\">\n\t\t\t\t<div class=\"elementor-widget-container\">\n\t\t\t\t\t<div class=\"elementor-heading-title elementor-size-default\">iOS Download<\/div>\t\t\t\t<\/div>\n\t\t\t\t<\/div>\n\t\t\t\t<div class=\"elementor-element elementor-element-0dc7098 elementor-invisible elementor-widget elementor-widget-text-editor\" data-id=\"0dc7098\" data-element_type=\"widget\" data-e-type=\"widget\" data-settings=\"{&quot;_animation&quot;:&quot;fadeInUp&quot;}\" data-widget_type=\"text-editor.default\">\n\t\t\t\t<div class=\"elementor-widget-container\">\n\t\t\t\t\t\t\t\t\t<p>Scannen Sie den QR-Code mit Ihrem Smartphone ein oder verwenden Sie den Download Button.<\/p>\t\t\t\t\t\t\t\t<\/div>\n\t\t\t\t<\/div>\n\t\t\t\t<div class=\"elementor-element elementor-element-c82d695 elementor-align-center elementor-widget elementor-widget-button\" data-id=\"c82d695\" data-element_type=\"widget\" data-e-type=\"widget\" data-widget_type=\"button.default\">\n\t\t\t\t<div class=\"elementor-widget-container\">\n\t\t\t\t\t\t\t\t\t<div class=\"elementor-button-wrapper\">\n\t\t\t\t\t<a class=\"elementor-button elementor-size-lg elementor-animation-grow\" role=\"button\">\n\t\t\t\t\t\t<span class=\"elementor-button-content-wrapper\">\n\t\t\t\t\t\t\t\t\t<span class=\"elementor-button-text\">zum Download<\/span>\n\t\t\t\t\t<\/span>\n\t\t\t\t\t<\/a>\n\t\t\t\t<\/div>\n\t\t\t\t\t\t\t\t<\/div>\n\t\t\t\t<\/div>\n\t\t\t\t\t<\/div>\n\t\t<\/div>\n\t\t\t\t\t<\/div>\n\t\t<\/section>\n\t\t\t\t<\/div>\n\t\t","protected":false},"excerpt":{"rendered":"<p>Augmented Reality APP DEMO APP Webseite \u00dcber die APP Auf&hellip;<\/p>\n<p> <a class=\"more-link\" href=\"https:\/\/denkmal.arctron.de\/koenigstein\/app\/\">Weiterlesen<\/a><\/p>\n","protected":false},"author":2,"featured_media":0,"parent":0,"menu_order":0,"comment_status":"closed","ping_status":"closed","template":"elementor_header_footer","meta":{"footnotes":""},"class_list":["post-1590","page","type-page","status-publish"],"yoast_head":"<!-- This site is optimized with the Yoast SEO plugin v27.0 - https:\/\/yoast.com\/product\/yoast-seo-wordpress\/ -->\n<title>APP - K\u00f6nigstein<\/title>\n<meta name=\"description\" content=\"Auf dieser Seite k\u00f6nnen Sie sich die Festung K\u00f6nigstein APP herunterladen. Nur mit dieser Anwendung erleben Sie die Augmented Reality (kurz AR) Inhalte von der Festung K\u00f6nigstein.\" \/>\n<meta name=\"robots\" content=\"index, follow, max-snippet:-1, max-image-preview:large, max-video-preview:-1\" \/>\n<link rel=\"canonical\" href=\"https:\/\/denkmal.arctron.de\/koenigstein\/app\/\" \/>\n<meta property=\"og:locale\" content=\"de_DE\" \/>\n<meta property=\"og:type\" content=\"article\" \/>\n<meta property=\"og:title\" content=\"APP - K\u00f6nigstein\" \/>\n<meta property=\"og:description\" content=\"Auf dieser Seite k\u00f6nnen Sie sich die Festung K\u00f6nigstein APP herunterladen. Nur mit dieser Anwendung erleben Sie die Augmented Reality (kurz AR) Inhalte von der Festung K\u00f6nigstein.\" \/>\n<meta property=\"og:url\" content=\"https:\/\/denkmal.arctron.de\/koenigstein\/app\/\" \/>\n<meta property=\"og:site_name\" content=\"K\u00f6nigstein\" \/>\n<meta property=\"article:modified_time\" content=\"2022-07-05T05:56:53+00:00\" \/>\n<meta property=\"og:image\" content=\"https:\/\/denkmal.arctron.de\/koenigstein\/wp-content\/uploads\/sites\/17\/2021\/08\/QRCode-PlayStore.jpg\" \/>\n<meta name=\"twitter:card\" content=\"summary_large_image\" \/>\n<meta name=\"twitter:label1\" content=\"Gesch\u00e4tzte Lesezeit\" \/>\n\t<meta name=\"twitter:data1\" content=\"1\u00a0Minute\" \/>\n<script type=\"application\/ld+json\" class=\"yoast-schema-graph\">{\"@context\":\"https:\/\/schema.org\",\"@graph\":[{\"@type\":\"WebPage\",\"@id\":\"https:\/\/denkmal.arctron.de\/koenigstein\/app\/\",\"url\":\"https:\/\/denkmal.arctron.de\/koenigstein\/app\/\",\"name\":\"APP - K\u00f6nigstein\",\"isPartOf\":{\"@id\":\"https:\/\/denkmal.arctron.de\/koenigstein\/#website\"},\"primaryImageOfPage\":{\"@id\":\"https:\/\/denkmal.arctron.de\/koenigstein\/app\/#primaryimage\"},\"image\":{\"@id\":\"https:\/\/denkmal.arctron.de\/koenigstein\/app\/#primaryimage\"},\"thumbnailUrl\":\"https:\/\/denkmal.arctron.de\/koenigstein\/wp-content\/uploads\/sites\/17\/2021\/08\/QRCode-PlayStore.jpg\",\"datePublished\":\"2021-06-22T06:55:53+00:00\",\"dateModified\":\"2022-07-05T05:56:53+00:00\",\"description\":\"Auf dieser Seite k\u00f6nnen Sie sich die Festung K\u00f6nigstein APP herunterladen. Nur mit dieser Anwendung erleben Sie die Augmented Reality (kurz AR) Inhalte von der Festung K\u00f6nigstein.\",\"breadcrumb\":{\"@id\":\"https:\/\/denkmal.arctron.de\/koenigstein\/app\/#breadcrumb\"},\"inLanguage\":\"de\",\"potentialAction\":[{\"@type\":\"ReadAction\",\"target\":[\"https:\/\/denkmal.arctron.de\/koenigstein\/app\/\"]}]},{\"@type\":\"ImageObject\",\"inLanguage\":\"de\",\"@id\":\"https:\/\/denkmal.arctron.de\/koenigstein\/app\/#primaryimage\",\"url\":\"https:\/\/denkmal.arctron.de\/koenigstein\/wp-content\/uploads\/sites\/17\/2021\/08\/QRCode-PlayStore.jpg\",\"contentUrl\":\"https:\/\/denkmal.arctron.de\/koenigstein\/wp-content\/uploads\/sites\/17\/2021\/08\/QRCode-PlayStore.jpg\",\"width\":800,\"height\":800},{\"@type\":\"BreadcrumbList\",\"@id\":\"https:\/\/denkmal.arctron.de\/koenigstein\/app\/#breadcrumb\",\"itemListElement\":[{\"@type\":\"ListItem\",\"position\":1,\"name\":\"Home\",\"item\":\"https:\/\/denkmal.arctron.de\/koenigstein\/\"},{\"@type\":\"ListItem\",\"position\":2,\"name\":\"APP\"}]},{\"@type\":\"WebSite\",\"@id\":\"https:\/\/denkmal.arctron.de\/koenigstein\/#website\",\"url\":\"https:\/\/denkmal.arctron.de\/koenigstein\/\",\"name\":\"K\u00f6nigstein\",\"description\":\"\u00dcbersicht \u00fcber verschiedene Denkmalprojekte\",\"potentialAction\":[{\"@type\":\"SearchAction\",\"target\":{\"@type\":\"EntryPoint\",\"urlTemplate\":\"https:\/\/denkmal.arctron.de\/koenigstein\/?s={search_term_string}\"},\"query-input\":{\"@type\":\"PropertyValueSpecification\",\"valueRequired\":true,\"valueName\":\"search_term_string\"}}],\"inLanguage\":\"de\"}]}<\/script>\n<!-- \/ Yoast SEO plugin. -->","yoast_head_json":{"title":"APP - K\u00f6nigstein","description":"Auf dieser Seite k\u00f6nnen Sie sich die Festung K\u00f6nigstein APP herunterladen. Nur mit dieser Anwendung erleben Sie die Augmented Reality (kurz AR) Inhalte von der Festung K\u00f6nigstein.","robots":{"index":"index","follow":"follow","max-snippet":"max-snippet:-1","max-image-preview":"max-image-preview:large","max-video-preview":"max-video-preview:-1"},"canonical":"https:\/\/denkmal.arctron.de\/koenigstein\/app\/","og_locale":"de_DE","og_type":"article","og_title":"APP - K\u00f6nigstein","og_description":"Auf dieser Seite k\u00f6nnen Sie sich die Festung K\u00f6nigstein APP herunterladen. Nur mit dieser Anwendung erleben Sie die Augmented Reality (kurz AR) Inhalte von der Festung K\u00f6nigstein.","og_url":"https:\/\/denkmal.arctron.de\/koenigstein\/app\/","og_site_name":"K\u00f6nigstein","article_modified_time":"2022-07-05T05:56:53+00:00","og_image":[{"url":"https:\/\/denkmal.arctron.de\/koenigstein\/wp-content\/uploads\/sites\/17\/2021\/08\/QRCode-PlayStore.jpg","type":"","width":"","height":""}],"twitter_card":"summary_large_image","twitter_misc":{"Gesch\u00e4tzte Lesezeit":"1\u00a0Minute"},"schema":{"@context":"https:\/\/schema.org","@graph":[{"@type":"WebPage","@id":"https:\/\/denkmal.arctron.de\/koenigstein\/app\/","url":"https:\/\/denkmal.arctron.de\/koenigstein\/app\/","name":"APP - K\u00f6nigstein","isPartOf":{"@id":"https:\/\/denkmal.arctron.de\/koenigstein\/#website"},"primaryImageOfPage":{"@id":"https:\/\/denkmal.arctron.de\/koenigstein\/app\/#primaryimage"},"image":{"@id":"https:\/\/denkmal.arctron.de\/koenigstein\/app\/#primaryimage"},"thumbnailUrl":"https:\/\/denkmal.arctron.de\/koenigstein\/wp-content\/uploads\/sites\/17\/2021\/08\/QRCode-PlayStore.jpg","datePublished":"2021-06-22T06:55:53+00:00","dateModified":"2022-07-05T05:56:53+00:00","description":"Auf dieser Seite k\u00f6nnen Sie sich die Festung K\u00f6nigstein APP herunterladen. Nur mit dieser Anwendung erleben Sie die Augmented Reality (kurz AR) Inhalte von der Festung K\u00f6nigstein.","breadcrumb":{"@id":"https:\/\/denkmal.arctron.de\/koenigstein\/app\/#breadcrumb"},"inLanguage":"de","potentialAction":[{"@type":"ReadAction","target":["https:\/\/denkmal.arctron.de\/koenigstein\/app\/"]}]},{"@type":"ImageObject","inLanguage":"de","@id":"https:\/\/denkmal.arctron.de\/koenigstein\/app\/#primaryimage","url":"https:\/\/denkmal.arctron.de\/koenigstein\/wp-content\/uploads\/sites\/17\/2021\/08\/QRCode-PlayStore.jpg","contentUrl":"https:\/\/denkmal.arctron.de\/koenigstein\/wp-content\/uploads\/sites\/17\/2021\/08\/QRCode-PlayStore.jpg","width":800,"height":800},{"@type":"BreadcrumbList","@id":"https:\/\/denkmal.arctron.de\/koenigstein\/app\/#breadcrumb","itemListElement":[{"@type":"ListItem","position":1,"name":"Home","item":"https:\/\/denkmal.arctron.de\/koenigstein\/"},{"@type":"ListItem","position":2,"name":"APP"}]},{"@type":"WebSite","@id":"https:\/\/denkmal.arctron.de\/koenigstein\/#website","url":"https:\/\/denkmal.arctron.de\/koenigstein\/","name":"K\u00f6nigstein","description":"\u00dcbersicht \u00fcber verschiedene Denkmalprojekte","potentialAction":[{"@type":"SearchAction","target":{"@type":"EntryPoint","urlTemplate":"https:\/\/denkmal.arctron.de\/koenigstein\/?s={search_term_string}"},"query-input":{"@type":"PropertyValueSpecification","valueRequired":true,"valueName":"search_term_string"}}],"inLanguage":"de"}]}},"_links":{"self":[{"href":"https:\/\/denkmal.arctron.de\/koenigstein\/wp-json\/wp\/v2\/pages\/1590","targetHints":{"allow":["GET"]}}],"collection":[{"href":"https:\/\/denkmal.arctron.de\/koenigstein\/wp-json\/wp\/v2\/pages"}],"about":[{"href":"https:\/\/denkmal.arctron.de\/koenigstein\/wp-json\/wp\/v2\/types\/page"}],"author":[{"embeddable":true,"href":"https:\/\/denkmal.arctron.de\/koenigstein\/wp-json\/wp\/v2\/users\/2"}],"replies":[{"embeddable":true,"href":"https:\/\/denkmal.arctron.de\/koenigstein\/wp-json\/wp\/v2\/comments?post=1590"}],"version-history":[{"count":200,"href":"https:\/\/denkmal.arctron.de\/koenigstein\/wp-json\/wp\/v2\/pages\/1590\/revisions"}],"predecessor-version":[{"id":4400,"href":"https:\/\/denkmal.arctron.de\/koenigstein\/wp-json\/wp\/v2\/pages\/1590\/revisions\/4400"}],"wp:attachment":[{"href":"https:\/\/denkmal.arctron.de\/koenigstein\/wp-json\/wp\/v2\/media?parent=1590"}],"curies":[{"name":"wp","href":"https:\/\/api.w.org\/{rel}","templated":true}]}}