{"id":3,"date":"2020-08-06T12:26:49","date_gmt":"2020-08-06T10:26:49","guid":{"rendered":"https:\/\/denkmal.arctron.de\/koenigstein\/?page_id=3"},"modified":"2021-06-23T16:56:27","modified_gmt":"2021-06-23T14:56:27","slug":"datenschutzerklaerung","status":"publish","type":"page","link":"https:\/\/denkmal.arctron.de\/koenigstein\/datenschutzerklaerung\/","title":{"rendered":"Datenschutzerkl\u00e4rung"},"content":{"rendered":"\t\t<div data-elementor-type=\"wp-page\" data-elementor-id=\"3\" class=\"elementor elementor-3\" data-elementor-post-type=\"page\">\n\t\t\t\t\t\t<section class=\"elementor-section elementor-top-section elementor-element elementor-element-27422d9 elementor-section-boxed elementor-section-height-default elementor-section-height-default\" data-id=\"27422d9\" data-element_type=\"section\" data-e-type=\"section\">\n\t\t\t\t\t\t<div class=\"elementor-container elementor-column-gap-default\">\n\t\t\t\t\t<div class=\"elementor-column elementor-col-100 elementor-top-column elementor-element elementor-element-7de315c\" data-id=\"7de315c\" data-element_type=\"column\" data-e-type=\"column\">\n\t\t\t<div class=\"elementor-widget-wrap\">\n\t\t\t\t\t\t\t<\/div>\n\t\t<\/div>\n\t\t\t\t\t<\/div>\n\t\t<\/section>\n\t\t\t\t<section class=\"elementor-section elementor-top-section elementor-element elementor-element-83ff771 elementor-section-boxed elementor-section-height-default elementor-section-height-default\" data-id=\"83ff771\" data-element_type=\"section\" data-e-type=\"section\">\n\t\t\t\t\t\t<div class=\"elementor-container elementor-column-gap-default\">\n\t\t\t\t\t<div class=\"elementor-column elementor-col-100 elementor-top-column elementor-element elementor-element-ce10051\" data-id=\"ce10051\" data-element_type=\"column\" data-e-type=\"column\">\n\t\t\t<div class=\"elementor-widget-wrap elementor-element-populated\">\n\t\t\t\t\t\t<div class=\"elementor-element elementor-element-e06785d elementor-widget elementor-widget-heading\" data-id=\"e06785d\" data-element_type=\"widget\" data-e-type=\"widget\" data-widget_type=\"heading.default\">\n\t\t\t\t<div class=\"elementor-widget-container\">\n\t\t\t\t\t<h2 class=\"elementor-heading-title elementor-size-default\">\n<h2 class=\"wp-block-heading\">Datenschutz<\/h2>\n\n\n\n<p>Die Betreiber dieser Seiten nehmen den Schutz Ihrer pers\u00f6nlichen Daten sehr ernst. Wir behandeln Ihre personenbezogenen Daten vertraulich und entsprechend der gesetzlichen Datenschutzvorschriften sowie dieser Datenschutzerkl\u00e4rung.<br>Die Nutzung unserer Webseite ist in der Regel ohne Angabe personenbezogener Daten m\u00f6glich. Soweit auf unseren Seiten personenbezogene Daten (beispielsweise Name, Anschrift oder E-Mail-Adressen) erhoben werden, erfolgt dies, soweit m\u00f6glich, stets auf freiwilliger Basis. Diese Daten werden ohne Ihre ausdr\u00fcckliche Zustimmung nicht an Dritte weitergegeben.<br>Wir weisen darauf hin, dass die Daten\u00fcbertragung im Internet (z.B. bei der Kommunikation per E-Mail) Sicherheitsl\u00fccken aufweisen kann. Ein l\u00fcckenloser Schutz der Daten vor dem Zugriff durch Dritte ist nicht m\u00f6glich.<\/p>\n\n\n\n<h2 class=\"wp-block-heading\">Cookies<\/h2>\n\n\n\n<p>Die Internetseiten verwenden teilweise so genannte Cookies. Cookies richten auf Ihrem Rechner keinen Schaden an und enthalten keine Viren. Cookies dienen dazu, unser Angebot nutzerfreundlicher, effektiver und sicherer zu machen. Cookies sind kleine Textdateien, die auf Ihrem Rechner abgelegt werden und die Ihr Browser speichert.<br>Die meisten der von uns verwendeten Cookies sind so genannte \u201eSession-Cookies\u201c. Sie werden nach Ende Ihres Besuchs automatisch gel\u00f6scht. Andere Cookies bleiben auf Ihrem Endger\u00e4t gespeichert, bis Sie diese l\u00f6schen. Diese Cookies erm\u00f6glichen es uns, Ihren Browser beim n\u00e4chsten Besuch wiederzuerkennen.<br>Sie k\u00f6nnen Ihren Browser so einstellen, dass Sie \u00fcber das Setzen von Cookies informiert werden und Cookies nur im Einzelfall erlauben, die Annahme von Cookies f\u00fcr bestimmte F\u00e4lle oder generell ausschlie\u00dfen sowie das automatische L\u00f6schen der Cookies beim Schlie\u00dfen des Browser aktivieren. Bei der Deaktivierung von Cookies kann die Funktionalit\u00e4t dieser Website eingeschr\u00e4nkt sein.<\/p>\n\n\n\n<h2 class=\"wp-block-heading\">Webanalyse durch Matomo (ehemals PIWIK)<\/h2>\n\n\n\n<p>Wir nutzen auf unserer Website das Open-Source-Software-Tool Matomo (ehemals PIWIK) zur Analyse des Surfverhaltens unserer Nutzer. Die Software setzt ein Cookie auf dem Rechner der Nutzer (zu Cookies siehe bereits oben). Werden Einzelseiten unserer Website aufgerufen, so werden folgende Daten gespeichert:<\/p>\n\n\n\n<ul class=\"wp-block-list\"><li>Zwei Bytes der IP-Adresse des aufrufenden Systems des Nutzers<\/li><li>Die aufgerufene Webseite<\/li><li>Die Website, von der der Nutzer auf die aufgerufene Webseite gelangt ist (Referrer)<\/li><li>Die Unterseiten, die von der aufgerufenen Webseite aus aufgerufen werden<\/li><li>Die Verweildauer auf der Webseite<\/li><li>Die H\u00e4ufigkeit des Aufrufs der Webseite<\/li><\/ul>\n\n\n\n<p>Die Software l\u00e4uft dabei ausschlie\u00dflich auf den Servern unserer Webseite. Eine Speicherung der personenbezogenen Daten der Nutzer findet nur dort statt. Eine Weitergabe der Daten an Dritte erfolgt nicht.<\/p>\n\n\n\n<p>N\u00e4here Informationen finden sich hier: <a href=\"https:\/\/matomo.org\/docs\/privacy\/\" target=\"_blank\" rel=\"noreferrer noopener\">https:\/\/matomo.org\/docs\/privacy\/<\/a><\/p>\n\n\n\n<h2 class=\"wp-block-heading\">Server-LogFiles<\/h2>\n\n\n\n<p>Der Provider der Seiten erhebt und speichert automatisch Informationen in so genannten Server-Log Files, die Ihr Browser automatisch an uns \u00fcbermittelt. Dies sind:<\/p>\n\n\n\n<ul class=\"wp-block-list\"><li>Browsertyp und Browserversion<\/li><li>verwendetes Betriebssystem<\/li><li>Referrer URL<\/li><li>Hostname des zugreifenden Rechners<\/li><li>Uhrzeit der Serveranfrage<\/li><\/ul>\n\n\n\n<p>Diese Daten sind nicht bestimmten Personen zuordenbar. Eine Zusammenf\u00fchrung dieser Daten mit anderen Datenquellen wird nicht vorgenommen. Wir behalten uns vor, diese Daten nachtr\u00e4glich zu pr\u00fcfen, wenn uns konkrete Anhaltspunkte f\u00fcr eine rechtswidrige Nutzung bekannt werden.<\/p>\n\n\n\n<h2 class=\"wp-block-heading\">Kontaktformular<\/h2>\n\n\n\n<p>Wenn Sie uns per Kontaktformular Anfragen zukommen lassen, werden Ihre Angaben aus dem Anfrageformular inklusive der von Ihnen dort angegebenen Kontaktdaten zwecks Bearbeitung der Anfrage und f\u00fcr den Fall von Anschlussfragen bei uns gespeichert. Diese Daten geben wir nicht ohne Ihre Einwilligung weiter.<\/p>\n\n\n\n<h2 class=\"wp-block-heading\">Newsletterdaten<\/h2>\n\n\n\n<p>Wenn Sie den auf der Webseite angebotenen Newsletter beziehen m\u00f6chten und sich hierf\u00fcr anmelden, bitten wir Sie um Angaben wie Anrede, Vor- und Nachnamen, gew\u00fcnschte Sprache (Deutsch\/English), Ihre g\u00fcltige E-Mail-Adresse sowie Informationen, welche uns die \u00dcberpr\u00fcfung gestatten, dass Sie der Inhaber der angegebenen E-Mail-Adresse sind und mit dem Empfang des Newsletters einverstanden sind. Sie haben auch die Option, einen Interessensschwerpunkt aus unserem Portfolio anzugeben. Weitere Daten werden nicht erhoben. Diese Daten verwenden wir ausschlie\u00dflich f\u00fcr den Versand der angeforderten Informationen und geben sie nicht an Dritte weiter.<br>Die erteilte Einwilligung zur Speicherung der Daten, der E-Mail-Adresse sowie deren Nutzung zum Versand des Newsletters k\u00f6nnen Sie jederzeit widerrufen, etwa \u00fcber den \u201eAustragen\u201c-Link z.B. \u201eabmelden\u201c im Newsletter.<\/p>\n\n\n\n<h2 class=\"wp-block-heading\">iThemes Security<\/h2>\n\n\n\n<p>Wir verwenden den Dienst iThemes Security zum Schutz unserer Webseite.<\/p>\n\n\n\n<p>Sicherheitsprotokolle<br>Die IP-Adresse der Besucher, die Benutzerkennung der angemeldeten Benutzer und der Benutzername der Anmeldeversuche werden bedingt protokolliert, um auf b\u00f6sartige Aktivit\u00e4ten zu pr\u00fcfen und die Website vor bestimmten Arten von Angriffen zu sch\u00fctzen. Beispiele f\u00fcr Bedingungen bei der Anmeldung sind Anmeldeversuche, Abmeldeanforderungen, Anfragen nach verd\u00e4chtigen URLs, \u00c4nderungen am Website-Inhalt und Kennwortaktualisierungen. Diese Informationen werden 14 Tage lang gespeichert.<\/p>\n\n\n\n<p>An wen wir Ihre Daten weitergeben<br>Diese Seite wird von Sucuri\u2019s SiteCheck auf m\u00f6gliche Malware und Schwachstellen \u00fcberpr\u00fcft. Wir senden keine pers\u00f6nlichen Informationen an Sucuri; jedoch k\u00f6nnte Sucuri w\u00e4hrend des Scans pers\u00f6nliche Informationen finden, die \u00f6ffentlich ver\u00f6ffentlicht wurden (z.B. in Kommentaren). Weitere Informationen finden Sie in der <a href=\"https:\/\/sucuri.net\/privacy\" target=\"_blank\" rel=\"noreferrer noopener\">Datenschutzerkl\u00e4rung von Sucuri<\/a>.<\/p>\n\n\n\n<p>Um die Dateiintegrit\u00e4t zu gew\u00e4hrleisten, zieht iThemes Security Daten von wordpress.org, ithemes.com und amazonaws.com. Es werden keine personenbezogenen Daten an diese Seiten gesendet. Anfragen an wordpress.org umfassen die WordPress-Version, das Gebietsschema der Website, eine Liste der installierten Plugins und eine Liste der Versionen der einzelnen Plugins. Anfragen an ithemes.com und amazonaws.com beinhalten die installierten iThemes-Produkte und deren Versionen. F\u00fcr Details zur Datenschutzrichtlinie von wordpress.org lesen Sie bitte die <a href=\"https:\/\/wordpress.org\/about\/privacy\/\" target=\"_blank\" rel=\"noreferrer noopener\">WordPress-Datenschutzrichtlinie<\/a>. Einzelheiten zur Datenschutzrichtlinie von ithemes.com finden Sie in der <a href=\"https:\/\/ithemes.com\/privacy-policy\/\" target=\"_blank\" rel=\"noreferrer noopener\">Datenschutzrichtlinie von iThemes<\/a>. Anfragen an amazonaws.com werden von iThemes hinzugef\u00fcgt und verwaltet, die durch die <a href=\"https:\/\/aws.amazon.com\/de\/compliance\/data-privacy-faq\/\" target=\"_blank\" rel=\"noreferrer noopener\">Datenschutzrichtlinie von Amazon Web Services<\/a> abgedeckt sind.<\/p>\n\n\n\n<p>Bei der Ausf\u00fchrung von Security Check wird ithemes.com als Teil eines Prozesses kontaktiert, um festzustellen, ob die Website TLS\/SSL-Anfragen unterst\u00fctzt. Dabei werden keine personenbezogenen Daten an ithemes.com \u00fcbermittelt. Anfragen an ithemes.com enthalten die URL der Website. Einzelheiten zur Datenschutzrichtlinie von ithemes.com finden Sie in der <a href=\"https:\/\/ithemes.com\/privacy-policy\/\" target=\"_blank\" rel=\"noreferrer noopener\">Datenschutzrichtlinie von iThemes<\/a>.<\/p>\n\n\n\n<p>Wie lange wir Ihre Daten speichern<br>Sicherheitsprotokolle werden 14 Tage lang aufbewahrt.<\/p>\n\n\n\n<p>Wohin wir Ihre Daten schicken<br>Diese Website ist Teil eines Netzwerks von Websites, die vor verteilten Brute-Force-Angriffen sch\u00fctzen. Um diesen Schutz zu erm\u00f6glichen, wird die IP-Adresse der Besucher, die versuchen, sich auf der Website anzumelden, mit einem von ithemes.com bereitgestellten Dienst geteilt. Einzelheiten zur Datenschutzrichtlinie finden Sie in der <a href=\"https:\/\/ithemes.com\/privacy-policy\/\" target=\"_blank\" rel=\"noreferrer noopener\">iThemes-Datenschutzrichtlinie<\/a>.<\/p>\n\n\n\n<h2 class=\"wp-block-heading\">Google+<\/h2>\n\n\n\n<p>Unsere Seiten nutzen Funktionen von Google+. Anbieter ist die Google Inc., 1600 Amphitheatre Parkway Mountain View, CA 94043, USA.<br>Erfassung und Weitergabe von Informationen: Mithilfe der Google+-Schaltfl\u00e4che k\u00f6nnen Sie Informationen weltweit ver\u00f6ffentlichen. \u00dcber die Google+-Schaltfl\u00e4che erhalten Sie und andere Nutzer personalisierte Inhalte von Google und unseren Partnern. Google speichert sowohl die Information, dass Sie f\u00fcr einen Inhalt +1 gegeben haben, als auch Informationen \u00fcber die Seite, die Sie beim Klicken auf +1 angesehen haben. Ihre +1 k\u00f6nnen als Hinweise zusammen mit Ihrem Profilnamen und Ihrem Foto in Google-Diensten, wie etwa in Suchergebnissen oder in Ihrem Google-Profil, oder an anderen Stellen auf Websites und Anzeigen im Internet eingeblendet werden.<br>Google zeichnet Informationen \u00fcber Ihre +1Aktivit\u00e4ten auf, um die Google-Dienste f\u00fcr Sie und andere zu verbessern. Um die Google+Schaltfl\u00e4che verwenden zu k\u00f6nnen, ben\u00f6tigen Sie ein weltweit sichtbares, \u00f6ffentliches Google-Profil, das zumindest den f\u00fcr das Profil gew\u00e4hlten Namen enthalten muss. Dieser Name wird in allen Google-Diensten verwendet. In manchen F\u00e4llen kann dieser Name auch einen anderen Namen ersetzen, den Sie beim Teilen von Inhalten \u00fcber Ihr Google-Konto verwendet haben. Die Identit\u00e4t Ihres Google-Profils kann Nutzern angezeigt werden, die Ihre E-MailAdresse kennen oder \u00fcber andere identifizierende Informationen von Ihnen verf\u00fcgen.<br>Verwendung der erfassten Informationen: Neben den oben erl\u00e4uterten Verwendungszwecken werden die von Ihnen bereitgestellten Informationen gem\u00e4\u00df den geltenden GoogleDatenschutzbestimmungen genutzt. Google ver\u00f6ffentlicht m\u00f6glicherweise zusammengefasste Statistiken \u00fcber die +1-Aktivit\u00e4ten der Nutzer bzw. gibt diese an Nutzer und Partner weiter, wie etwa Publisher, Inserenten oder verbundene Websites.<\/p>\n\n\n\n<h2 class=\"wp-block-heading\">Google reCAPTCHA<\/h2>\n\n\n\n<p>Um f\u00fcr ausreichend Datensicherheit bei der \u00dcbermittlung von Formularen Sorge zu tragen, verwenden wir in bestimmten F\u00e4llen den Service reCAPTCHA des Unternehmens Google Inc. Dies dient vorallem zur Unterscheidung, ob die Eingabe durch eine nat\u00fcrliche Person erfolgt oder missbr\u00e4uchlich durch maschinelle und automatisierte Verarbeitung. Der Service inkludiert den Versand der IP-Adresse und ggf. weiterer von Google f\u00fcr den Dienst reCAPTCHA ben\u00f6tigter Daten an Google ein. Hierf\u00fcr gelten die abweichenden Datenschutzbestimmungen von Google Inc. Weitere Informationen zu den Datenschutzrichtlinien von Google Inc. finden Sie unter <a href=\"https:\/\/policies.google.com\/privacy\" target=\"_blank\" rel=\"noreferrer noopener\">https:\/\/policies.google.com\/privacy<\/a><\/p>\n\n\n\n<h2 class=\"wp-block-heading\">XING<\/h2>\n\n\n\n<p>Unsere Webseite nutzt Funktionen des Netzwerks XING. Anbieter ist die XING AG, Dammtorstra\u00dfe 29-32, 20354 Hamburg, Deutschland. Bei jedem Abruf einer unserer Seiten, die Funktionen von XING enth\u00e4lt, wird eine Verbindung zu Servern von XING hergestellt. Eine Speicherung von personenbezogenen Daten erfolgt dabei nach unserer Kenntnis nicht. Insbesondere werden keine IPAdressen gespeichert oder das Nutzungsverhalten ausgewertet.<br>Weitere Information zum Datenschutz und dem XING Share-Button finden Sie in der Datenschutzerkl\u00e4rung von XING unter: <a href=\"https:\/\/www.xing.com\/app\/share?op=data_protection\" target=\"_blank\" rel=\"noreferrer noopener\">https:\/\/www.xing.com\/app\/share?op=data_protection<\/a><\/p>\n\n\n\n<h2 class=\"wp-block-heading\">Sketchfab<\/h2>\n\n\n\n<p>Unsere Webseite nutzt Plugins der Plattform sketchfab. Sketchfab (1123 Broadway, Ste 501, New York, NY, USA) \u2013 Datenschutzerkl\u00e4rung\/ Opt-Out: <a href=\"https:\/\/sketchfab.com\/privacy\">https:\/\/sketchfab.com\/privacy<\/a>.<\/p>\n\n\n\n<h2 class=\"wp-block-heading\">Recht auf Auskunft, L\u00f6schung, Sperrung<\/h2>\n\n\n\n<p>Sie haben jederzeit das Recht auf unentgeltliche Auskunft \u00fcber Ihre gespeicherten personenbezogenen Daten, deren Herkunft und Empf\u00e4nger und den Zweck der Datenverarbeitung sowie ein Recht auf Berichtigung, Sperrung oder L\u00f6schung dieser Daten. Hierzu sowie zu weiteren Fragen zum Thema personenbezogene Daten k\u00f6nnen Sie sich jederzeit unter der im Impressum angegebenen Adresse an uns wenden.<\/p>\n\n\n\n<h2 class=\"wp-block-heading\">Widerspruchsrecht<\/h2>\n\n\n\n<p>Soweit wir zur Wahrung unserer im Rahmen einer Interessensabw\u00e4gung \u00fcberwiegenden berechtigten Interessen personenbezogene Daten wie oben erl\u00e4utert verarbeiten, k\u00f6nnen Sie dieser Verarbeitung mit Wirkung f\u00fcr die Zukunft widersprechen. Erfolgt die Verarbeitung zu Zwecken des Direktmarketings, k\u00f6nnen Sie dieses Recht jederzeit wie oben beschrieben aus\u00fcben. Soweit die Verarbeitung zu anderen Zwecken erfolgt, steht Ihnen ein Widerspruchsrecht nur bei Vorliegen von Gr\u00fcnden, die sich aus Ihrer besonderen Situation ergeben, zu.<br>Nach Aus\u00fcbung Ihres Widerspruchsrechts werden wir Ihre personenbezogenen Daten nicht weiter zu diesen Zwecken verarbeiten, es sei denn, wir k\u00f6nnen zwingende schutzw\u00fcrdige Gr\u00fcnde f\u00fcr die Verarbeitung nachweisen, die Ihre Interessen, Rechte und Freiheiten \u00fcberwiegen, oder wenn die Verarbeitung der Geltendmachung, Aus\u00fcbung oder Verteidigung von Rechtsanspr\u00fcchen dient.<br>Dies gilt nicht, wenn die Verarbeitung zu Zwecken des Direktmarketings erfolgt. Dann werden wir Ihre personenbezogenen Daten nicht weiter zu diesem Zweck verarbeiten.<\/p>\n\n\n\n<p><em>Datenschutzerkl\u00e4rung erstellt u.a. mit <a href=\"https:\/\/legal.trustedshops.com\/legalwizard\">rechtstexter.de<\/a>.<\/em><\/p>\n<\/h2>\t\t\t\t<\/div>\n\t\t\t\t<\/div>\n\t\t\t\t\t<\/div>\n\t\t<\/div>\n\t\t\t\t\t<\/div>\n\t\t<\/section>\n\t\t\t\t<\/div>\n\t\t","protected":false},"excerpt":{"rendered":"<p>Datenschutz Die Betreiber dieser Seiten nehmen den Schutz Ihrer pers\u00f6nlichen&hellip;<\/p>\n<p> <a class=\"more-link\" href=\"https:\/\/denkmal.arctron.de\/koenigstein\/datenschutzerklaerung\/\">Weiterlesen<\/a><\/p>\n","protected":false},"author":1,"featured_media":0,"parent":0,"menu_order":0,"comment_status":"closed","ping_status":"open","template":"elementor_header_footer","meta":{"footnotes":""},"class_list":["post-3","page","type-page","status-publish"],"yoast_head":"<!-- This site is optimized with the Yoast SEO plugin v27.0 - https:\/\/yoast.com\/product\/yoast-seo-wordpress\/ -->\n<title>Datenschutzerkl\u00e4rung - K\u00f6nigstein<\/title>\n<meta name=\"robots\" content=\"index, follow, max-snippet:-1, max-image-preview:large, max-video-preview:-1\" \/>\n<link rel=\"canonical\" href=\"https:\/\/denkmal.arctron.de\/koenigstein\/datenschutzerklaerung\/\" \/>\n<meta property=\"og:locale\" content=\"de_DE\" \/>\n<meta property=\"og:type\" content=\"article\" \/>\n<meta property=\"og:title\" content=\"Datenschutzerkl\u00e4rung - K\u00f6nigstein\" \/>\n<meta property=\"og:description\" content=\"Datenschutz Die Betreiber dieser Seiten nehmen den Schutz Ihrer pers\u00f6nlichen&hellip;  Weiterlesen\" \/>\n<meta property=\"og:url\" content=\"https:\/\/denkmal.arctron.de\/koenigstein\/datenschutzerklaerung\/\" \/>\n<meta property=\"og:site_name\" content=\"K\u00f6nigstein\" \/>\n<meta property=\"article:modified_time\" content=\"2021-06-23T14:56:27+00:00\" \/>\n<meta name=\"twitter:card\" content=\"summary_large_image\" \/>\n<meta name=\"twitter:label1\" content=\"Gesch\u00e4tzte Lesezeit\" \/>\n\t<meta name=\"twitter:data1\" content=\"7\u00a0Minuten\" \/>\n<script type=\"application\/ld+json\" class=\"yoast-schema-graph\">{\"@context\":\"https:\/\/schema.org\",\"@graph\":[{\"@type\":\"WebPage\",\"@id\":\"https:\/\/denkmal.arctron.de\/koenigstein\/datenschutzerklaerung\/\",\"url\":\"https:\/\/denkmal.arctron.de\/koenigstein\/datenschutzerklaerung\/\",\"name\":\"Datenschutzerkl\u00e4rung - K\u00f6nigstein\",\"isPartOf\":{\"@id\":\"https:\/\/denkmal.arctron.de\/koenigstein\/#website\"},\"datePublished\":\"2020-08-06T10:26:49+00:00\",\"dateModified\":\"2021-06-23T14:56:27+00:00\",\"breadcrumb\":{\"@id\":\"https:\/\/denkmal.arctron.de\/koenigstein\/datenschutzerklaerung\/#breadcrumb\"},\"inLanguage\":\"de\",\"potentialAction\":[{\"@type\":\"ReadAction\",\"target\":[\"https:\/\/denkmal.arctron.de\/koenigstein\/datenschutzerklaerung\/\"]}]},{\"@type\":\"BreadcrumbList\",\"@id\":\"https:\/\/denkmal.arctron.de\/koenigstein\/datenschutzerklaerung\/#breadcrumb\",\"itemListElement\":[{\"@type\":\"ListItem\",\"position\":1,\"name\":\"Home\",\"item\":\"https:\/\/denkmal.arctron.de\/koenigstein\/\"},{\"@type\":\"ListItem\",\"position\":2,\"name\":\"Datenschutzerkl\u00e4rung\"}]},{\"@type\":\"WebSite\",\"@id\":\"https:\/\/denkmal.arctron.de\/koenigstein\/#website\",\"url\":\"https:\/\/denkmal.arctron.de\/koenigstein\/\",\"name\":\"K\u00f6nigstein\",\"description\":\"\u00dcbersicht \u00fcber verschiedene Denkmalprojekte\",\"potentialAction\":[{\"@type\":\"SearchAction\",\"target\":{\"@type\":\"EntryPoint\",\"urlTemplate\":\"https:\/\/denkmal.arctron.de\/koenigstein\/?s={search_term_string}\"},\"query-input\":{\"@type\":\"PropertyValueSpecification\",\"valueRequired\":true,\"valueName\":\"search_term_string\"}}],\"inLanguage\":\"de\"}]}<\/script>\n<!-- \/ Yoast SEO plugin. -->","yoast_head_json":{"title":"Datenschutzerkl\u00e4rung - K\u00f6nigstein","robots":{"index":"index","follow":"follow","max-snippet":"max-snippet:-1","max-image-preview":"max-image-preview:large","max-video-preview":"max-video-preview:-1"},"canonical":"https:\/\/denkmal.arctron.de\/koenigstein\/datenschutzerklaerung\/","og_locale":"de_DE","og_type":"article","og_title":"Datenschutzerkl\u00e4rung - K\u00f6nigstein","og_description":"Datenschutz Die Betreiber dieser Seiten nehmen den Schutz Ihrer pers\u00f6nlichen&hellip;  Weiterlesen","og_url":"https:\/\/denkmal.arctron.de\/koenigstein\/datenschutzerklaerung\/","og_site_name":"K\u00f6nigstein","article_modified_time":"2021-06-23T14:56:27+00:00","twitter_card":"summary_large_image","twitter_misc":{"Gesch\u00e4tzte Lesezeit":"7\u00a0Minuten"},"schema":{"@context":"https:\/\/schema.org","@graph":[{"@type":"WebPage","@id":"https:\/\/denkmal.arctron.de\/koenigstein\/datenschutzerklaerung\/","url":"https:\/\/denkmal.arctron.de\/koenigstein\/datenschutzerklaerung\/","name":"Datenschutzerkl\u00e4rung - K\u00f6nigstein","isPartOf":{"@id":"https:\/\/denkmal.arctron.de\/koenigstein\/#website"},"datePublished":"2020-08-06T10:26:49+00:00","dateModified":"2021-06-23T14:56:27+00:00","breadcrumb":{"@id":"https:\/\/denkmal.arctron.de\/koenigstein\/datenschutzerklaerung\/#breadcrumb"},"inLanguage":"de","potentialAction":[{"@type":"ReadAction","target":["https:\/\/denkmal.arctron.de\/koenigstein\/datenschutzerklaerung\/"]}]},{"@type":"BreadcrumbList","@id":"https:\/\/denkmal.arctron.de\/koenigstein\/datenschutzerklaerung\/#breadcrumb","itemListElement":[{"@type":"ListItem","position":1,"name":"Home","item":"https:\/\/denkmal.arctron.de\/koenigstein\/"},{"@type":"ListItem","position":2,"name":"Datenschutzerkl\u00e4rung"}]},{"@type":"WebSite","@id":"https:\/\/denkmal.arctron.de\/koenigstein\/#website","url":"https:\/\/denkmal.arctron.de\/koenigstein\/","name":"K\u00f6nigstein","description":"\u00dcbersicht \u00fcber verschiedene Denkmalprojekte","potentialAction":[{"@type":"SearchAction","target":{"@type":"EntryPoint","urlTemplate":"https:\/\/denkmal.arctron.de\/koenigstein\/?s={search_term_string}"},"query-input":{"@type":"PropertyValueSpecification","valueRequired":true,"valueName":"search_term_string"}}],"inLanguage":"de"}]}},"_links":{"self":[{"href":"https:\/\/denkmal.arctron.de\/koenigstein\/wp-json\/wp\/v2\/pages\/3","targetHints":{"allow":["GET"]}}],"collection":[{"href":"https:\/\/denkmal.arctron.de\/koenigstein\/wp-json\/wp\/v2\/pages"}],"about":[{"href":"https:\/\/denkmal.arctron.de\/koenigstein\/wp-json\/wp\/v2\/types\/page"}],"author":[{"embeddable":true,"href":"https:\/\/denkmal.arctron.de\/koenigstein\/wp-json\/wp\/v2\/users\/1"}],"replies":[{"embeddable":true,"href":"https:\/\/denkmal.arctron.de\/koenigstein\/wp-json\/wp\/v2\/comments?post=3"}],"version-history":[{"count":5,"href":"https:\/\/denkmal.arctron.de\/koenigstein\/wp-json\/wp\/v2\/pages\/3\/revisions"}],"predecessor-version":[{"id":2048,"href":"https:\/\/denkmal.arctron.de\/koenigstein\/wp-json\/wp\/v2\/pages\/3\/revisions\/2048"}],"wp:attachment":[{"href":"https:\/\/denkmal.arctron.de\/koenigstein\/wp-json\/wp\/v2\/media?parent=3"}],"curies":[{"name":"wp","href":"https:\/\/api.w.org\/{rel}","templated":true}]}}