{"id":17,"date":"2020-08-12T11:11:58","date_gmt":"2020-08-12T09:11:58","guid":{"rendered":"https:\/\/denkmal.arctron.de\/medienproduktion-museen\/?page_id=17"},"modified":"2023-02-07T13:30:58","modified_gmt":"2023-02-07T12:30:58","slug":"home","status":"publish","type":"page","link":"https:\/\/denkmal.arctron.de\/medienproduktion-museen\/en\/","title":{"rendered":"Home"},"content":{"rendered":"<div data-elementor-type=\"wp-page\" data-elementor-id=\"17\" class=\"elementor elementor-17\" data-elementor-post-type=\"page\">\n\t\t\t\t\t\t<section class=\"elementor-section elementor-top-section elementor-element elementor-element-7d8207e elementor-section-stretched elementor-section-boxed elementor-section-height-default elementor-section-height-default\" data-id=\"7d8207e\" data-element_type=\"section\" data-e-type=\"section\" id=\"home\" data-settings=\"{&quot;stretch_section&quot;:&quot;section-stretched&quot;,&quot;background_background&quot;:&quot;classic&quot;}\">\n\t\t\t\t\t\t\t<div class=\"elementor-background-overlay\"><\/div>\n\t\t\t\t\t\t\t<div class=\"elementor-container elementor-column-gap-default\">\n\t\t\t\t\t<div class=\"elementor-column elementor-col-100 elementor-top-column elementor-element elementor-element-dd2493f\" data-id=\"dd2493f\" data-element_type=\"column\" data-e-type=\"column\">\n\t\t\t<div class=\"elementor-widget-wrap elementor-element-populated\">\n\t\t\t\t\t\t<div class=\"elementor-element elementor-element-9634010 elementor-widget elementor-widget-menu-anchor\" data-id=\"9634010\" data-element_type=\"widget\" data-e-type=\"widget\" data-widget_type=\"menu-anchor.default\">\n\t\t\t\t<div class=\"elementor-widget-container\">\n\t\t\t\t\t\t\t<div class=\"elementor-menu-anchor\" id=\"home\"><\/div>\n\t\t\t\t\t\t<\/div>\n\t\t\t\t<\/div>\n\t\t\t\t<div class=\"elementor-element elementor-element-30d3072 elementor-widget elementor-widget-spacer\" data-id=\"30d3072\" data-element_type=\"widget\" data-e-type=\"widget\" data-widget_type=\"spacer.default\">\n\t\t\t\t<div class=\"elementor-widget-container\">\n\t\t\t\t\t\t\t<div class=\"elementor-spacer\">\n\t\t\t<div class=\"elementor-spacer-inner\"><\/div>\n\t\t<\/div>\n\t\t\t\t\t\t<\/div>\n\t\t\t\t<\/div>\n\t\t\t\t<div class=\"elementor-element elementor-element-74a8923 elementor-widget elementor-widget-heading\" data-id=\"74a8923\" data-element_type=\"widget\" data-e-type=\"widget\" data-widget_type=\"heading.default\">\n\t\t\t\t<div class=\"elementor-widget-container\">\n\t\t\t\t\t<h1 class=\"elementor-heading-title elementor-size-default\">Medienproduktion-Museen<\/h1>\t\t\t\t<\/div>\n\t\t\t\t<\/div>\n\t\t\t\t\t<\/div>\n\t\t<\/div>\n\t\t\t\t\t<\/div>\n\t\t<\/section>\n\t\t\t\t<section class=\"elementor-section elementor-top-section elementor-element elementor-element-bedd769 elementor-section-boxed elementor-section-height-default elementor-section-height-default\" data-id=\"bedd769\" data-element_type=\"section\" data-e-type=\"section\" data-settings=\"{&quot;background_background&quot;:&quot;classic&quot;}\">\n\t\t\t\t\t\t<div class=\"elementor-container elementor-column-gap-default\">\n\t\t\t\t\t<div class=\"elementor-column elementor-col-50 elementor-top-column elementor-element elementor-element-944e11f\" data-id=\"944e11f\" data-element_type=\"column\" data-e-type=\"column\">\n\t\t\t<div class=\"elementor-widget-wrap elementor-element-populated\">\n\t\t\t\t\t\t<div class=\"elementor-element elementor-element-2cccfa4 elementor-widget elementor-widget-shortcode\" data-id=\"2cccfa4\" data-element_type=\"widget\" data-e-type=\"widget\" data-widget_type=\"shortcode.default\">\n\t\t\t\t<div class=\"elementor-widget-container\">\n\t\t\t\t\t\t\t<div class=\"elementor-shortcode\"><div class=\"sketchfab-embed-wrapper\"> <iframe title=\"Principia Aalen (reconstruction)\" frameborder=\"0\" allowfullscreen mozallowfullscreen=\"true\" webkitallowfullscreen=\"true\" allow=\"fullscreen; autoplay; vr\" xr-spatial-tracking execution-while-out-of-viewport execution-while-not-rendered web-share width=\"640\" height=\"280\" src=\"https:\/\/sketchfab.com\/models\/baaea0726b7846e2bf410fa17e07110c\/embed?ui_infos=0&ui_inspector=0&ui_settings=1&ui_vr=0\"> <\/iframe> <\/div><\/div>\n\t\t\t\t\t\t<\/div>\n\t\t\t\t<\/div>\n\t\t\t\t\t<\/div>\n\t\t<\/div>\n\t\t\t\t<div class=\"elementor-column elementor-col-50 elementor-top-column elementor-element elementor-element-5ebf098\" data-id=\"5ebf098\" data-element_type=\"column\" data-e-type=\"column\">\n\t\t\t<div class=\"elementor-widget-wrap elementor-element-populated\">\n\t\t\t\t\t\t<div class=\"elementor-element elementor-element-4b8b026 elementor-widget elementor-widget-shortcode\" data-id=\"4b8b026\" data-element_type=\"widget\" data-e-type=\"widget\" data-widget_type=\"shortcode.default\">\n\t\t\t\t<div class=\"elementor-widget-container\">\n\t\t\t\t\t\t\t<div class=\"elementor-shortcode\"><div class=\"sketchfab-embed-wrapper\"> <iframe title=\"Principia Aalen (arch. findings)\" frameborder=\"0\" allowfullscreen mozallowfullscreen=\"true\" webkitallowfullscreen=\"true\" allow=\"fullscreen; autoplay; vr\" xr-spatial-tracking execution-while-out-of-viewport execution-while-not-rendered web-share width=\"340\" height=\"280\" src=\"https:\/\/sketchfab.com\/models\/f64deeb835084a1e9b81a77205c9cf50\/embed?ui_infos=0&ui_inspector=0&ui_vr=0\"> <\/iframe> <\/div><\/div>\n\t\t\t\t\t\t<\/div>\n\t\t\t\t<\/div>\n\t\t\t\t\t<\/div>\n\t\t<\/div>\n\t\t\t\t\t<\/div>\n\t\t<\/section>\n\t\t\t\t<section class=\"elementor-section elementor-top-section elementor-element elementor-element-b53d92e elementor-section-boxed elementor-section-height-default elementor-section-height-default\" data-id=\"b53d92e\" data-element_type=\"section\" data-e-type=\"section\" data-settings=\"{&quot;background_background&quot;:&quot;classic&quot;}\">\n\t\t\t\t\t\t<div class=\"elementor-container elementor-column-gap-default\">\n\t\t\t\t\t<div class=\"elementor-column elementor-col-100 elementor-top-column elementor-element elementor-element-a0793a7\" data-id=\"a0793a7\" data-element_type=\"column\" data-e-type=\"column\">\n\t\t\t<div class=\"elementor-widget-wrap elementor-element-populated\">\n\t\t\t\t\t\t<div class=\"elementor-element elementor-element-da14b96 elementor-widget elementor-widget-text-editor\" data-id=\"da14b96\" data-element_type=\"widget\" data-e-type=\"widget\" data-widget_type=\"text-editor.default\">\n\t\t\t\t<div class=\"elementor-widget-container\">\n\t\t\t\t\t\t\t\t\t<p>Principia im Limesmuseum Aalen (Baden-W\u00fcrttemberg). Im Auftrag des Arch\u00e4ologischen Landesmuseums konnte ArcTron 2017 ein hochaufgel\u00f6stes, fotorealistisches 3D-Modelle der Principia im Museumsgel\u00e4nde Scannen und erstellen. In weiteren Schritten wurde dann die Rekonstruktion erarbeitet und interaktive Modelle auch als Augmented Reality-Anwendung entwickelt.\n<\/p>\t\t\t\t\t\t\t\t<\/div>\n\t\t\t\t<\/div>\n\t\t\t\t\t<\/div>\n\t\t<\/div>\n\t\t\t\t\t<\/div>\n\t\t<\/section>\n\t\t\t\t<\/div>","protected":false},"excerpt":{"rendered":"<p>Medienproduktion-Museen Principia im Limesmuseum Aalen (Baden-W\u00fcrttemberg). Im Auftrag des Arch\u00e4ologischen&hellip;<\/p>\n<p> <a class=\"more-link\" href=\"https:\/\/denkmal.arctron.de\/medienproduktion-museen\/en\/\">Read more<\/a><\/p>","protected":false},"author":1,"featured_media":0,"parent":0,"menu_order":0,"comment_status":"closed","ping_status":"closed","template":"elementor_header_footer","meta":{"footnotes":""},"class_list":["post-17","page","type-page","status-publish"],"yoast_head":"<!-- This site is optimized with the Yoast SEO plugin v27.0 - https:\/\/yoast.com\/product\/yoast-seo-wordpress\/ -->\n<title>Home - Medienproduktion Museen<\/title>\n<meta name=\"description\" content=\"Principia im Limesmuseum Aalen. Im Auftrag des Arch\u00e4ologischen Landesmuseums wurde ein fotorealistisches 3D-Modell der Principia erstellt.\" \/>\n<meta name=\"robots\" content=\"index, follow, max-snippet:-1, max-image-preview:large, max-video-preview:-1\" \/>\n<link rel=\"canonical\" href=\"https:\/\/denkmal.arctron.de\/medienproduktion-museen\/en\/\" \/>\n<meta property=\"og:locale\" content=\"en_GB\" \/>\n<meta property=\"og:type\" content=\"article\" \/>\n<meta property=\"og:title\" content=\"Home - Medienproduktion Museen\" \/>\n<meta property=\"og:description\" content=\"Principia im Limesmuseum Aalen. Im Auftrag des Arch\u00e4ologischen Landesmuseums wurde ein fotorealistisches 3D-Modell der Principia erstellt.\" \/>\n<meta property=\"og:url\" content=\"https:\/\/denkmal.arctron.de\/medienproduktion-museen\/en\/\" \/>\n<meta property=\"og:site_name\" content=\"Medienproduktion Museen\" \/>\n<meta property=\"article:modified_time\" content=\"2023-02-07T12:30:58+00:00\" \/>\n<meta name=\"twitter:card\" content=\"summary_large_image\" \/>\n<meta name=\"twitter:label1\" content=\"Estimated reading time\" \/>\n\t<meta name=\"twitter:data1\" content=\"1 minute\" \/>\n<script type=\"application\/ld+json\" class=\"yoast-schema-graph\">{\"@context\":\"https:\/\/schema.org\",\"@graph\":[{\"@type\":\"WebPage\",\"@id\":\"https:\/\/denkmal.arctron.de\/medienproduktion-museen\/\",\"url\":\"https:\/\/denkmal.arctron.de\/medienproduktion-museen\/\",\"name\":\"Home - Medienproduktion Museen\",\"isPartOf\":{\"@id\":\"https:\/\/denkmal.arctron.de\/medienproduktion-museen\/en\/#website\"},\"datePublished\":\"2020-08-12T09:11:58+00:00\",\"dateModified\":\"2023-02-07T12:30:58+00:00\",\"description\":\"Principia im Limesmuseum Aalen. Im Auftrag des Arch\u00e4ologischen Landesmuseums wurde ein fotorealistisches 3D-Modell der Principia erstellt.\",\"breadcrumb\":{\"@id\":\"https:\/\/denkmal.arctron.de\/medienproduktion-museen\/#breadcrumb\"},\"inLanguage\":\"en-GB\",\"potentialAction\":[{\"@type\":\"ReadAction\",\"target\":[\"https:\/\/denkmal.arctron.de\/medienproduktion-museen\/\"]}]},{\"@type\":\"BreadcrumbList\",\"@id\":\"https:\/\/denkmal.arctron.de\/medienproduktion-museen\/#breadcrumb\",\"itemListElement\":[{\"@type\":\"ListItem\",\"position\":1,\"name\":\"Home\",\"item\":\"https:\/\/denkmal.arctron.de\/medienproduktion-museen\/\"},{\"@type\":\"ListItem\",\"position\":2,\"name\":\"Home\"}]},{\"@type\":\"WebSite\",\"@id\":\"https:\/\/denkmal.arctron.de\/medienproduktion-museen\/en\/#website\",\"url\":\"https:\/\/denkmal.arctron.de\/medienproduktion-museen\/en\/\",\"name\":\"Medienproduktion Museen\",\"description\":\"\u00dcbersicht \u00fcber verschiedene Denkmalprojekte\",\"potentialAction\":[{\"@type\":\"SearchAction\",\"target\":{\"@type\":\"EntryPoint\",\"urlTemplate\":\"https:\/\/denkmal.arctron.de\/medienproduktion-museen\/en\/?s={search_term_string}\"},\"query-input\":{\"@type\":\"PropertyValueSpecification\",\"valueRequired\":true,\"valueName\":\"search_term_string\"}}],\"inLanguage\":\"en-GB\"}]}<\/script>\n<!-- \/ Yoast SEO plugin. -->","yoast_head_json":{"title":"Home - Medienproduktion Museen","description":"Principia im Limesmuseum Aalen. Im Auftrag des Arch\u00e4ologischen Landesmuseums wurde ein fotorealistisches 3D-Modell der Principia erstellt.","robots":{"index":"index","follow":"follow","max-snippet":"max-snippet:-1","max-image-preview":"max-image-preview:large","max-video-preview":"max-video-preview:-1"},"canonical":"https:\/\/denkmal.arctron.de\/medienproduktion-museen\/en\/","og_locale":"en_GB","og_type":"article","og_title":"Home - Medienproduktion Museen","og_description":"Principia im Limesmuseum Aalen. Im Auftrag des Arch\u00e4ologischen Landesmuseums wurde ein fotorealistisches 3D-Modell der Principia erstellt.","og_url":"https:\/\/denkmal.arctron.de\/medienproduktion-museen\/en\/","og_site_name":"Medienproduktion Museen","article_modified_time":"2023-02-07T12:30:58+00:00","twitter_card":"summary_large_image","twitter_misc":{"Estimated reading time":"1 minute"},"schema":{"@context":"https:\/\/schema.org","@graph":[{"@type":"WebPage","@id":"https:\/\/denkmal.arctron.de\/medienproduktion-museen\/","url":"https:\/\/denkmal.arctron.de\/medienproduktion-museen\/","name":"Home - Medienproduktion Museen","isPartOf":{"@id":"https:\/\/denkmal.arctron.de\/medienproduktion-museen\/en\/#website"},"datePublished":"2020-08-12T09:11:58+00:00","dateModified":"2023-02-07T12:30:58+00:00","description":"Principia im Limesmuseum Aalen. Im Auftrag des Arch\u00e4ologischen Landesmuseums wurde ein fotorealistisches 3D-Modell der Principia erstellt.","breadcrumb":{"@id":"https:\/\/denkmal.arctron.de\/medienproduktion-museen\/#breadcrumb"},"inLanguage":"en-GB","potentialAction":[{"@type":"ReadAction","target":["https:\/\/denkmal.arctron.de\/medienproduktion-museen\/"]}]},{"@type":"BreadcrumbList","@id":"https:\/\/denkmal.arctron.de\/medienproduktion-museen\/#breadcrumb","itemListElement":[{"@type":"ListItem","position":1,"name":"Home","item":"https:\/\/denkmal.arctron.de\/medienproduktion-museen\/"},{"@type":"ListItem","position":2,"name":"Home"}]},{"@type":"WebSite","@id":"https:\/\/denkmal.arctron.de\/medienproduktion-museen\/en\/#website","url":"https:\/\/denkmal.arctron.de\/medienproduktion-museen\/en\/","name":"Medienproduktion Museen","description":"\u00dcbersicht \u00fcber verschiedene Denkmalprojekte","potentialAction":[{"@type":"SearchAction","target":{"@type":"EntryPoint","urlTemplate":"https:\/\/denkmal.arctron.de\/medienproduktion-museen\/en\/?s={search_term_string}"},"query-input":{"@type":"PropertyValueSpecification","valueRequired":true,"valueName":"search_term_string"}}],"inLanguage":"en-GB"}]}},"_links":{"self":[{"href":"https:\/\/denkmal.arctron.de\/medienproduktion-museen\/en\/wp-json\/wp\/v2\/pages\/17","targetHints":{"allow":["GET"]}}],"collection":[{"href":"https:\/\/denkmal.arctron.de\/medienproduktion-museen\/en\/wp-json\/wp\/v2\/pages"}],"about":[{"href":"https:\/\/denkmal.arctron.de\/medienproduktion-museen\/en\/wp-json\/wp\/v2\/types\/page"}],"author":[{"embeddable":true,"href":"https:\/\/denkmal.arctron.de\/medienproduktion-museen\/en\/wp-json\/wp\/v2\/users\/1"}],"replies":[{"embeddable":true,"href":"https:\/\/denkmal.arctron.de\/medienproduktion-museen\/en\/wp-json\/wp\/v2\/comments?post=17"}],"version-history":[{"count":396,"href":"https:\/\/denkmal.arctron.de\/medienproduktion-museen\/en\/wp-json\/wp\/v2\/pages\/17\/revisions"}],"predecessor-version":[{"id":1029,"href":"https:\/\/denkmal.arctron.de\/medienproduktion-museen\/en\/wp-json\/wp\/v2\/pages\/17\/revisions\/1029"}],"wp:attachment":[{"href":"https:\/\/denkmal.arctron.de\/medienproduktion-museen\/en\/wp-json\/wp\/v2\/media?parent=17"}],"curies":[{"name":"wp","href":"https:\/\/api.w.org\/{rel}","templated":true}]}}