{"id":3,"date":"2020-08-06T12:26:49","date_gmt":"2020-08-06T10:26:49","guid":{"rendered":"https:\/\/denkmal.arctron.de\/eb-test\/?page_id=3"},"modified":"2022-08-31T15:08:41","modified_gmt":"2022-08-31T13:08:41","slug":"impressum","status":"publish","type":"page","link":"https:\/\/denkmal.arctron.de\/neurandsberg\/impressum\/","title":{"rendered":"Impressum"},"content":{"rendered":"\t\t<div data-elementor-type=\"wp-page\" data-elementor-id=\"3\" class=\"elementor elementor-3\" data-elementor-post-type=\"page\">\n\t\t\t\t\t\t<section class=\"elementor-section elementor-top-section elementor-element elementor-element-19e3dc15 elementor-section-boxed elementor-section-height-default elementor-section-height-default\" data-id=\"19e3dc15\" data-element_type=\"section\" data-e-type=\"section\" data-settings=\"{&quot;background_background&quot;:&quot;classic&quot;}\">\n\t\t\t\t\t\t<div class=\"elementor-container elementor-column-gap-default\">\n\t\t\t\t\t<div class=\"elementor-column elementor-col-100 elementor-top-column elementor-element elementor-element-2fd1be40\" data-id=\"2fd1be40\" data-element_type=\"column\" data-e-type=\"column\" data-settings=\"{&quot;background_background&quot;:&quot;classic&quot;}\">\n\t\t\t<div class=\"elementor-widget-wrap elementor-element-populated\">\n\t\t\t\t\t\t<div class=\"elementor-element elementor-element-2a7183e1 elementor-widget elementor-widget-text-editor\" data-id=\"2a7183e1\" data-element_type=\"widget\" data-e-type=\"widget\" data-widget_type=\"text-editor.default\">\n\t\t\t\t<div class=\"elementor-widget-container\">\n\t\t\t\t\t\t\t\t\t<section class=\"elementor-section elementor-top-section elementor-element elementor-element-1b54ff3a elementor-section-boxed elementor-section-height-default elementor-section-height-default\" data-id=\"1b54ff3a\" data-element_type=\"section\" data-settings=\"{&quot;background_background&quot;:&quot;video&quot;}\">\n<div class=\"elementor-container elementor-column-gap-default\">\n<div class=\"elementor-row\">\n<div class=\"elementor-column elementor-col-100 elementor-top-column elementor-element elementor-element-e3a7e33\" data-id=\"e3a7e33\" data-element_type=\"column\">\n<div class=\"elementor-column-wrap elementor-element-populated\">\n<div class=\"elementor-widget-wrap\">\n<div class=\"elementor-element elementor-element-7ec797c elementor-widget elementor-widget-text-editor\" data-id=\"7ec797c\" data-element_type=\"widget\" data-widget_type=\"text-editor.default\">\n<div class=\"elementor-widget-container\">\n<div class=\"elementor-text-editor elementor-clearfix\">\n<p><strong>Dieses Impressum gilt auch f\u00fcr unsere Social Media Seiten:<\/strong><\/p>\n<ul>\n<li>LinkedIn: <a href=\"https:\/\/www.linkedin.com\/company\/arctron-3d-gmbh\/\" target=\"_blank\" rel=\"noopener\">https:\/\/www.linkedin.com\/company\/arctron-3d-gmbh\/<\/a><\/li>\n<li>Google+: <a href=\"https:\/\/plus.google.com\/115939444933866012483\" target=\"_blank\" rel=\"noopener\">https:\/\/plus.google.com\/115939444933866012483<\/a><\/li>\n<li>Facebook: <a href=\"https:\/\/www.facebook.com\/ArcTron-3D-GmbH-1619488918317713\/\" target=\"_blank\" rel=\"noopener\">https:\/\/www.facebook.com\/ArcTron-3D-GmbH-1619488918317713\/<\/a><\/li>\n<li>Vimeo: <a href=\"https:\/\/vimeo.com\/arctron\" target=\"_blank\" rel=\"noopener\">https:\/\/vimeo.com\/arctron<\/a><\/li>\n<li>Sketchfab: <a href=\"https:\/\/sketchfab.com\/ArcTron3D\" target=\"_blank\" rel=\"noopener\">https:\/\/sketchfab.com\/ArcTron3D<\/a><\/li>\n<li>Youtube: <a href=\"https:\/\/www.youtube.com\/channel\/UCfotm6t5bolXxVttdxNdxrw\">https:\/\/www.youtube.com\/channel\/UCfotm6t5bolXxVttdxNdxrw<\/a><\/li>\n<li>dasauge: <a href=\"https:\/\/dasauge.de\/-arctron\/\">https:\/\/dasauge.de\/-arctron\/<\/a><\/li>\n<\/ul>\n<\/div>\n<\/div>\n<\/div>\n<div class=\"elementor-element elementor-element-18df80e6 elementor-widget elementor-widget-text-editor\" data-id=\"18df80e6\" data-element_type=\"widget\" data-widget_type=\"text-editor.default\">\n<div class=\"elementor-widget-container\">\n<div class=\"elementor-text-editor elementor-clearfix\">\n<p><span class=\"custom-bold\"><strong>ArcTron 3D<\/strong><br \/>Vermessungstechnik &amp; Softwareentwicklung GmbH<\/span><br \/>Ringstra\u00dfe 8<br \/>93177 Altenthann<\/p>\n<p>Telefon: +49 (0)9408 \/ 8501-0<br \/>Telefax: +49 (0)9408 \/ 8501-21<br \/>E-Mail: <a href=\"mailto:info@arctron.de\">info@arctron.de<\/a><br \/>Internet: <a href=\"http:\/\/www.arctron.de\">www.arctron.de<\/a>, <a href=\"http:\/\/www.arctron.com\">www.arctron.com<\/a><\/p>\n<p>Vertretungsberechtigter Gesch\u00e4ftsf\u00fchrer: Martin Schaich M.A.<\/p>\n<p>Registergericht: Amtsgericht Regensburg<br \/>Registernummer: HRB 8268<\/p>\n<p>Umsatzsteuer-Identifikationsnummer gem\u00e4\u00df \u00a7 27 a Umsatzsteuergesetz: DE 215587565<\/p>\n<\/div>\n<\/div>\n<\/div>\n<div class=\"elementor-element elementor-element-723ff84 elementor-widget elementor-widget-text-editor\" data-id=\"723ff84\" data-element_type=\"widget\" data-widget_type=\"text-editor.default\">\n<div class=\"elementor-widget-container\">\n<div class=\"elementor-text-editor elementor-clearfix\">\n<p><span class=\"custom-bold\"><strong>ArcTron<\/strong><br \/>Ausgrabungen &amp; Computerdokumentationen GmbH<\/span><br \/>Ringstra\u00dfe 8<br \/>93177 Altenthann<\/p>\n<p>Telefon: +49 (0)9408 \/ 8501-0<br \/>Telefax: +49 (0)9408 \/ 8501-21<br \/>E-Mail: <a href=\"mailto:info@arctron.de\">info@arctron.de<\/a><br \/>Internet: <a href=\"http:\/\/www.arctron.de\">www.arctron.de<\/a>, <a href=\"http:\/\/www.arctron.com\">www.arctron.com<\/a><\/p>\n<p>Vertretungsberechtigter Gesch\u00e4ftsf\u00fchrer: Martin Schaich M.A.<\/p>\n<p>Registergericht: Amtsgericht Regensburg<br \/>Registernummer: HRB 5371<\/p>\n<p>Umsatzsteuer-Identifikationsnummer gem\u00e4\u00df \u00a7 27 a Umsatzsteuergesetz: DE 206424560<\/p>\n<\/div>\n<\/div>\n<\/div>\n<div class=\"elementor-element elementor-element-1bec745 elementor-widget elementor-widget-text-editor\" data-id=\"1bec745\" data-element_type=\"widget\" data-widget_type=\"text-editor.default\">\n<div class=\"elementor-widget-container\">\n<div class=\"elementor-text-editor elementor-clearfix\">\n<p><span class=\"custom-bold\"><strong>ArcTron<\/strong><br \/>Airborne Sensing GmbH<\/span><br \/>Ringstra\u00dfe 8<br \/>93177 Altenthann<\/p>\n<p>Telefon: +49 (0)9408 \/ 8501-0<br \/>Telefax: +49 (0)9408 \/ 8501-21<br \/>E-Mail: <a href=\"mailto:info@arctron.de\">info@arctron.de<\/a><br \/>Internet: <a href=\"http:\/\/www.arctron.de\">www.arctron.de<\/a>, <a href=\"http:\/\/www.arctron.com\">www.arctron.com<\/a><\/p>\n<p>Vertretungsberechtigter Gesch\u00e4ftsf\u00fchrer: Martin Schaich M.A.<\/p>\n<p>Registergericht: Amtsgericht Regensburg<br \/>Registernummer: HRB 7198<\/p>\n<p>Umsatzsteuer-Identifikationsnummer gem\u00e4\u00df \u00a7 27 a Umsatzsteuergesetz: DE 196740801<\/p>\n<\/div>\n<\/div>\n<\/div>\n<div class=\"elementor-element elementor-element-aaa601b custom-caption elementor-widget elementor-widget-heading\" data-id=\"aaa601b\" data-element_type=\"widget\" data-widget_type=\"heading.default\">\n<div class=\"elementor-widget-container\">\n<h2 class=\"elementor-heading-title elementor-size-default\">Haftungsausschluss<\/h2>\n<\/div>\n<\/div>\n<div class=\"elementor-element elementor-element-a3e7f91 custom-caption elementor-widget elementor-widget-heading\" data-id=\"a3e7f91\" data-element_type=\"widget\" data-widget_type=\"heading.default\">\n<div class=\"elementor-widget-container\">\n<h3 class=\"elementor-heading-title elementor-size-default\">Haftung f\u00fcr Inhalte<\/h3>\n<\/div>\n<\/div>\n<div class=\"elementor-element elementor-element-41df63f5 elementor-widget elementor-widget-text-editor\" data-id=\"41df63f5\" data-element_type=\"widget\" data-widget_type=\"text-editor.default\">\n<div class=\"elementor-widget-container\">\n<div class=\"elementor-text-editor elementor-clearfix\">\n<p>Die Inhalte unserer Seiten wurden mit gr\u00f6\u00dfter Sorgfalt erstellt. F\u00fcr die Richtigkeit, Vollst\u00e4ndigkeit und Aktualit\u00e4t der Inhalte k\u00f6nnen wir jedoch keine Gew\u00e4hr \u00fcbernehmen.<\/p>\n<p>Als Diensteanbieter sind wir gem\u00e4\u00df \u00a7 7 Abs.1 TMG f\u00fcr eigene Inhalte auf diesen Seiten nach den allgemeinen Gesetzen verantwortlich. Nach \u00a7\u00a7 8 bis 10 TMG sind wir als Diensteanbieter jedoch nicht verpflichtet, \u00fcbermittelte oder gespeicherte fremde Informationen zu \u00fcberwachen oder nach Umst\u00e4nden zu forschen, die auf eine rechtswidrige T\u00e4tigkeit hinweisen. Verpflichtungen zur Entfernung oder Sperrung der Nutzung von Informationen nach den allgemeinen Gesetzen bleiben hiervon unber\u00fchrt. Eine diesbez\u00fcgliche Haftung ist jedoch erst ab dem Zeitpunkt der Kenntnis einer konkreten Rechtsverletzung m\u00f6glich. Bei bekannt werden von entsprechenden Rechtsverletzungen werden wir diese Inhalte umgehend entfernen.<\/p>\n<\/div>\n<\/div>\n<\/div>\n<div class=\"elementor-element elementor-element-5b170f8 custom-caption elementor-widget elementor-widget-heading\" data-id=\"5b170f8\" data-element_type=\"widget\" data-widget_type=\"heading.default\">\n<div class=\"elementor-widget-container\">\n<h3 class=\"elementor-heading-title elementor-size-default\">Haftung f\u00fcr Links<\/h3>\n<\/div>\n<\/div>\n<div class=\"elementor-element elementor-element-b2dc84e elementor-widget elementor-widget-text-editor\" data-id=\"b2dc84e\" data-element_type=\"widget\" data-widget_type=\"text-editor.default\">\n<div class=\"elementor-widget-container\">\n<div class=\"elementor-text-editor elementor-clearfix\">\n<p>Unser Angebot enth\u00e4lt Links zu externen Webseiten Dritter, auf deren Inhalte wir keinen Einfluss haben. Deshalb k\u00f6nnen wir f\u00fcr diese fremden Inhalte auch keine Gew\u00e4hr \u00fcbernehmen. F\u00fcr die Inhalte der verlinkten Seiten ist stets der jeweilige Anbieter oder Betreiber der Seiten verantwortlich. Die verlinkten Seiten wurden zum Zeitpunkt der Verlinkung auf m\u00f6gliche Rechtsverst\u00f6\u00dfe \u00fcberpr\u00fcft. Rechtswidrige Inhalte waren zum Zeitpunkt der Verlinkung nicht erkennbar. Eine permanente inhaltliche Kontrolle der verlinkten Seiten ist jedoch ohne konkrete Anhaltspunkte einer Rechtsverletzung nicht zumutbar. Bei Bekanntwerden von Rechtsverletzungen werden wir derartige Links umgehend entfernen.<\/p>\n<\/div>\n<\/div>\n<\/div>\n<div class=\"elementor-element elementor-element-0d39d21 custom-caption elementor-widget elementor-widget-heading\" data-id=\"0d39d21\" data-element_type=\"widget\" data-widget_type=\"heading.default\">\n<div class=\"elementor-widget-container\">\n<h3 class=\"elementor-heading-title elementor-size-default\">Urheberrecht<\/h3>\n<\/div>\n<\/div>\n<div class=\"elementor-element elementor-element-5130280 elementor-widget elementor-widget-text-editor\" data-id=\"5130280\" data-element_type=\"widget\" data-widget_type=\"text-editor.default\">\n<div class=\"elementor-widget-container\">\n<div class=\"elementor-text-editor elementor-clearfix\">\n<p>Die durch die Seitenbetreiber erstellten Inhalte und Werke auf diesen Seiten unterliegen dem deutschen Urheberrecht. Die Vervielf\u00e4ltigung, Bearbeitung, Verbreitung und jede Art der Verwertung au\u00dferhalb der Grenzen des Urheberrechtes bed\u00fcrfen der schriftlichen Zustimmung des jeweiligen Autors bzw. Erstellers. Downloads und Kopien dieser Seite sind nur f\u00fcr den privaten, nicht kommerziellen Gebrauch gestattet. Soweit die Inhalte auf dieser Seite nicht vom Betreiber erstellt wurden, werden die Urheberrechte Dritter beachtet. Insbesondere werden Inhalte Dritter als solche gekennzeichnet. Sollten Sie trotzdem auf eine Urheberrechtsverletzung aufmerksam werden, bitten wir um einen entsprechenden Hinweis. Bei Bekanntwerden von Rechtsverletzungen werden wir derartige Inhalte umgehend entfernen.<\/p>\n<\/div>\n<\/div>\n<\/div>\n<div class=\"elementor-element elementor-element-6c960ea custom-caption elementor-widget elementor-widget-heading\" data-id=\"6c960ea\" data-element_type=\"widget\" data-widget_type=\"heading.default\">\n<div class=\"elementor-widget-container\">\n<h3 class=\"elementor-heading-title elementor-size-default\">Datenschutz<\/h3>\n<\/div>\n<\/div>\n<div class=\"elementor-element elementor-element-2051ec5 elementor-widget elementor-widget-text-editor\" data-id=\"2051ec5\" data-element_type=\"widget\" data-widget_type=\"text-editor.default\">\n<div class=\"elementor-widget-container\">\n<div class=\"elementor-text-editor elementor-clearfix\">\n<p>Die Nutzung unserer Webseite ist in der Regel ohne Angabe personenbezogener Daten m\u00f6glich. Soweit auf unseren Seiten personenbezogene Daten (beispielsweise Name, Anschrift oder eMail-Adressen) erhoben werden, erfolgt dies, soweit m\u00f6glich, stets auf freiwilliger Basis. Diese Daten werden ohne Ihre ausdr\u00fcckliche Zustimmung nicht an Dritte weitergegeben.<\/p>\n<p>Wir weisen darauf hin, dass die Daten\u00fcbertragung im Internet (z.B. bei der Kommunikation per E-Mail) Sicherheitsl\u00fccken aufweisen kann. Ein l\u00fcckenloser Schutz der Daten vor dem Zugriff durch Dritte ist nicht m\u00f6glich.<\/p>\n<p>Der Nutzung von im Rahmen der Impressumspflicht ver\u00f6ffentlichten Kontaktdaten durch Dritte zur \u00dcbersendung von nicht ausdr\u00fccklich angeforderter Werbung und Informationsmaterialien wird hiermit ausdr\u00fccklich widersprochen. Die Betreiber der Seiten behalten sich ausdr\u00fccklich rechtliche Schritte im Falle der unverlangten Zusendung von Werbeinformationen, etwa durch Spam-Mails, vor.<\/p>\n<p>Weitere Infos dazu finden Sie auf unserer <a href=\"https:\/\/www.arctron.de\/datenschutzerklaerung\/\">Datenschutzseite<\/a>.<\/p>\n<\/div>\n<\/div>\n<\/div>\n<\/div>\n<\/div>\n<\/div>\n<\/div>\n<\/div>\n<\/section>\t\t\t\t\t\t\t\t<\/div>\n\t\t\t\t<\/div>\n\t\t\t\t\t<\/div>\n\t\t<\/div>\n\t\t\t\t\t<\/div>\n\t\t<\/section>\n\t\t\t\t<\/div>\n\t\t","protected":false},"excerpt":{"rendered":"<p>Dieses Impressum gilt auch f\u00fcr unsere Social Media Seiten: LinkedIn:&hellip;<\/p>\n<p> <a class=\"more-link\" href=\"https:\/\/denkmal.arctron.de\/neurandsberg\/impressum\/\">Weiterlesen<\/a><\/p>\n","protected":false},"author":1,"featured_media":0,"parent":0,"menu_order":0,"comment_status":"closed","ping_status":"closed","template":"elementor_header_footer","meta":{"footnotes":""},"class_list":["post-3","page","type-page","status-publish"],"yoast_head":"<!-- This site is optimized with the Yoast SEO plugin v27.0 - https:\/\/yoast.com\/product\/yoast-seo-wordpress\/ -->\n<title>Impressum - Burgruine Neurandsberg<\/title>\n<meta name=\"robots\" content=\"index, follow, max-snippet:-1, max-image-preview:large, max-video-preview:-1\" \/>\n<link rel=\"canonical\" href=\"https:\/\/denkmal.arctron.de\/neurandsberg\/impressum\/\" \/>\n<meta property=\"og:locale\" content=\"de_DE\" \/>\n<meta property=\"og:type\" content=\"article\" \/>\n<meta property=\"og:title\" content=\"Impressum - Burgruine Neurandsberg\" \/>\n<meta property=\"og:description\" content=\"Dieses Impressum gilt auch f\u00fcr unsere Social Media Seiten: LinkedIn:&hellip;  Weiterlesen\" \/>\n<meta property=\"og:url\" content=\"https:\/\/denkmal.arctron.de\/neurandsberg\/impressum\/\" \/>\n<meta property=\"og:site_name\" content=\"Burgruine Neurandsberg\" \/>\n<meta property=\"article:modified_time\" content=\"2022-08-31T13:08:41+00:00\" \/>\n<meta name=\"twitter:card\" content=\"summary_large_image\" \/>\n<meta name=\"twitter:label1\" content=\"Gesch\u00e4tzte Lesezeit\" \/>\n\t<meta name=\"twitter:data1\" content=\"7\u00a0Minuten\" \/>\n<script type=\"application\/ld+json\" class=\"yoast-schema-graph\">{\"@context\":\"https:\/\/schema.org\",\"@graph\":[{\"@type\":\"WebPage\",\"@id\":\"https:\/\/denkmal.arctron.de\/neurandsberg\/impressum\/\",\"url\":\"https:\/\/denkmal.arctron.de\/neurandsberg\/impressum\/\",\"name\":\"Impressum - Burgruine Neurandsberg\",\"isPartOf\":{\"@id\":\"https:\/\/denkmal.arctron.de\/neurandsberg\/#website\"},\"datePublished\":\"2020-08-06T10:26:49+00:00\",\"dateModified\":\"2022-08-31T13:08:41+00:00\",\"breadcrumb\":{\"@id\":\"https:\/\/denkmal.arctron.de\/neurandsberg\/impressum\/#breadcrumb\"},\"inLanguage\":\"de\",\"potentialAction\":[{\"@type\":\"ReadAction\",\"target\":[\"https:\/\/denkmal.arctron.de\/neurandsberg\/impressum\/\"]}]},{\"@type\":\"BreadcrumbList\",\"@id\":\"https:\/\/denkmal.arctron.de\/neurandsberg\/impressum\/#breadcrumb\",\"itemListElement\":[{\"@type\":\"ListItem\",\"position\":1,\"name\":\"Home\",\"item\":\"https:\/\/denkmal.arctron.de\/neurandsberg\/\"},{\"@type\":\"ListItem\",\"position\":2,\"name\":\"Impressum\"}]},{\"@type\":\"WebSite\",\"@id\":\"https:\/\/denkmal.arctron.de\/neurandsberg\/#website\",\"url\":\"https:\/\/denkmal.arctron.de\/neurandsberg\/\",\"name\":\"Burgruine Neurandsberg\",\"description\":\"Ergebnisse der Ausgrabungen von 2020 in Erbes-B\u00fcdesheim\",\"potentialAction\":[{\"@type\":\"SearchAction\",\"target\":{\"@type\":\"EntryPoint\",\"urlTemplate\":\"https:\/\/denkmal.arctron.de\/neurandsberg\/?s={search_term_string}\"},\"query-input\":{\"@type\":\"PropertyValueSpecification\",\"valueRequired\":true,\"valueName\":\"search_term_string\"}}],\"inLanguage\":\"de\"}]}<\/script>\n<!-- \/ Yoast SEO plugin. -->","yoast_head_json":{"title":"Impressum - Burgruine Neurandsberg","robots":{"index":"index","follow":"follow","max-snippet":"max-snippet:-1","max-image-preview":"max-image-preview:large","max-video-preview":"max-video-preview:-1"},"canonical":"https:\/\/denkmal.arctron.de\/neurandsberg\/impressum\/","og_locale":"de_DE","og_type":"article","og_title":"Impressum - Burgruine Neurandsberg","og_description":"Dieses Impressum gilt auch f\u00fcr unsere Social Media Seiten: LinkedIn:&hellip;  Weiterlesen","og_url":"https:\/\/denkmal.arctron.de\/neurandsberg\/impressum\/","og_site_name":"Burgruine Neurandsberg","article_modified_time":"2022-08-31T13:08:41+00:00","twitter_card":"summary_large_image","twitter_misc":{"Gesch\u00e4tzte Lesezeit":"7\u00a0Minuten"},"schema":{"@context":"https:\/\/schema.org","@graph":[{"@type":"WebPage","@id":"https:\/\/denkmal.arctron.de\/neurandsberg\/impressum\/","url":"https:\/\/denkmal.arctron.de\/neurandsberg\/impressum\/","name":"Impressum - Burgruine Neurandsberg","isPartOf":{"@id":"https:\/\/denkmal.arctron.de\/neurandsberg\/#website"},"datePublished":"2020-08-06T10:26:49+00:00","dateModified":"2022-08-31T13:08:41+00:00","breadcrumb":{"@id":"https:\/\/denkmal.arctron.de\/neurandsberg\/impressum\/#breadcrumb"},"inLanguage":"de","potentialAction":[{"@type":"ReadAction","target":["https:\/\/denkmal.arctron.de\/neurandsberg\/impressum\/"]}]},{"@type":"BreadcrumbList","@id":"https:\/\/denkmal.arctron.de\/neurandsberg\/impressum\/#breadcrumb","itemListElement":[{"@type":"ListItem","position":1,"name":"Home","item":"https:\/\/denkmal.arctron.de\/neurandsberg\/"},{"@type":"ListItem","position":2,"name":"Impressum"}]},{"@type":"WebSite","@id":"https:\/\/denkmal.arctron.de\/neurandsberg\/#website","url":"https:\/\/denkmal.arctron.de\/neurandsberg\/","name":"Burgruine Neurandsberg","description":"Ergebnisse der Ausgrabungen von 2020 in Erbes-B\u00fcdesheim","potentialAction":[{"@type":"SearchAction","target":{"@type":"EntryPoint","urlTemplate":"https:\/\/denkmal.arctron.de\/neurandsberg\/?s={search_term_string}"},"query-input":{"@type":"PropertyValueSpecification","valueRequired":true,"valueName":"search_term_string"}}],"inLanguage":"de"}]}},"_links":{"self":[{"href":"https:\/\/denkmal.arctron.de\/neurandsberg\/wp-json\/wp\/v2\/pages\/3","targetHints":{"allow":["GET"]}}],"collection":[{"href":"https:\/\/denkmal.arctron.de\/neurandsberg\/wp-json\/wp\/v2\/pages"}],"about":[{"href":"https:\/\/denkmal.arctron.de\/neurandsberg\/wp-json\/wp\/v2\/types\/page"}],"author":[{"embeddable":true,"href":"https:\/\/denkmal.arctron.de\/neurandsberg\/wp-json\/wp\/v2\/users\/1"}],"replies":[{"embeddable":true,"href":"https:\/\/denkmal.arctron.de\/neurandsberg\/wp-json\/wp\/v2\/comments?post=3"}],"version-history":[{"count":17,"href":"https:\/\/denkmal.arctron.de\/neurandsberg\/wp-json\/wp\/v2\/pages\/3\/revisions"}],"predecessor-version":[{"id":1725,"href":"https:\/\/denkmal.arctron.de\/neurandsberg\/wp-json\/wp\/v2\/pages\/3\/revisions\/1725"}],"wp:attachment":[{"href":"https:\/\/denkmal.arctron.de\/neurandsberg\/wp-json\/wp\/v2\/media?parent=3"}],"curies":[{"name":"wp","href":"https:\/\/api.w.org\/{rel}","templated":true}]}}